{"id":28,"date":"2025-03-03T13:08:35","date_gmt":"2025-03-03T12:08:35","guid":{"rendered":"https:\/\/aquaboutiquehotel.hu\/?page_id=28"},"modified":"2025-03-21T10:18:48","modified_gmt":"2025-03-21T09:18:48","slug":"foglalas","status":"publish","type":"page","link":"https:\/\/aquaboutiquehotel.hu\/en\/foglalas\/","title":{"rendered":"Reservation"},"content":{"rendered":"<div data-elementor-type=\"wp-page\" data-elementor-id=\"28\" class=\"elementor elementor-28\" data-elementor-post-type=\"page\">\n\t\t\t\t<div class=\"elementor-element elementor-element-c0dc58c e-flex e-con-boxed e-con e-parent\" data-id=\"c0dc58c\" data-element_type=\"container\" data-settings=\"{&quot;background_background&quot;:&quot;classic&quot;}\">\n\t\t\t\t\t<div class=\"e-con-inner\">\n\t\t\t\t<div class=\"elementor-element elementor-element-26dd41d elementor-widget elementor-widget-spacer\" data-id=\"26dd41d\" data-element_type=\"widget\" data-widget_type=\"spacer.default\">\n\t\t\t\t<div class=\"elementor-widget-container\">\n\t\t\t\t\t\t\t<div class=\"elementor-spacer\">\n\t\t\t<div class=\"elementor-spacer-inner\"><\/div>\n\t\t<\/div>\n\t\t\t\t\t\t<\/div>\n\t\t\t\t<\/div>\n\t\t\t\t<div class=\"elementor-element elementor-element-a7d9167 elementor-widget elementor-widget-heading\" data-id=\"a7d9167\" data-element_type=\"widget\" data-widget_type=\"heading.default\">\n\t\t\t\t<div class=\"elementor-widget-container\">\n\t\t\t\t\t<h1 class=\"elementor-heading-title elementor-size-default\">Reservation<\/h1>\t\t\t\t<\/div>\n\t\t\t\t<\/div>\n\t\t\t\t\t<\/div>\n\t\t\t\t<\/div>\n\t\t<div class=\"elementor-element elementor-element-a0090b5 e-flex e-con-boxed e-con e-parent\" data-id=\"a0090b5\" data-element_type=\"container\" data-settings=\"{&quot;background_background&quot;:&quot;classic&quot;}\">\n\t\t\t\t\t<div class=\"e-con-inner\">\n\t\t\t\t<div class=\"elementor-element elementor-element-e908872 elementor-widget elementor-widget-html\" data-id=\"e908872\" data-element_type=\"widget\" data-widget_type=\"html.default\">\n\t\t\t\t<div class=\"elementor-widget-container\">\n\t\t\t\t\t<script src=\"https:\/\/nethotelbooking.net\/embed.RESnWEB.js?id=D7YLT\"><\/script>\t\t\t\t<\/div>\n\t\t\t\t<\/div>\n\t\t\t\t\t<\/div>\n\t\t\t\t<\/div>\n\t\t\t\t<\/div>","protected":false},"excerpt":{"rendered":"<p>Reservation<\/p>","protected":false},"author":1,"featured_media":0,"parent":0,"menu_order":0,"comment_status":"closed","ping_status":"closed","template":"","meta":{"site-sidebar-layout":"no-sidebar","site-content-layout":"","ast-site-content-layout":"full-width-container","site-content-style":"default","site-sidebar-style":"default","ast-global-header-display":"","ast-banner-title-visibility":"","ast-main-header-display":"","ast-hfb-above-header-display":"","ast-hfb-below-header-display":"","ast-hfb-mobile-header-display":"","site-post-title":"disabled","ast-breadcrumbs-content":"","ast-featured-img":"disabled","footer-sml-layout":"","theme-transparent-header-meta":"","adv-header-id-meta":"","stick-header-meta":"","header-above-stick-meta":"","header-main-stick-meta":"","header-below-stick-meta":"","astra-migrate-meta-layouts":"default","ast-page-background-enabled":"default","ast-page-background-meta":{"desktop":{"background-color":"var(--ast-global-color-5)","background-image":"","background-repeat":"repeat","background-position":"center center","background-size":"auto","background-attachment":"scroll","background-type":"","background-media":"","overlay-type":"","overlay-color":"","overlay-opacity":"","overlay-gradient":""},"tablet":{"background-color":"","background-image":"","background-repeat":"repeat","background-position":"center center","background-size":"auto","background-attachment":"scroll","background-type":"","background-media":"","overlay-type":"","overlay-color":"","overlay-opacity":"","overlay-gradient":""},"mobile":{"background-color":"","background-image":"","background-repeat":"repeat","background-position":"center center","background-size":"auto","background-attachment":"scroll","background-type":"","background-media":"","overlay-type":"","overlay-color":"","overlay-opacity":"","overlay-gradient":""}},"ast-content-background-meta":{"desktop":{"background-color":"var(--ast-global-color-4)","background-image":"","background-repeat":"repeat","background-position":"center center","background-size":"auto","background-attachment":"scroll","background-type":"","background-media":"","overlay-type":"","overlay-color":"","overlay-opacity":"","overlay-gradient":""},"tablet":{"background-color":"var(--ast-global-color-4)","background-image":"","background-repeat":"repeat","background-position":"center center","background-size":"auto","background-attachment":"scroll","background-type":"","background-media":"","overlay-type":"","overlay-color":"","overlay-opacity":"","overlay-gradient":""},"mobile":{"background-color":"var(--ast-global-color-4)","background-image":"","background-repeat":"repeat","background-position":"center center","background-size":"auto","background-attachment":"scroll","background-type":"","background-media":"","overlay-type":"","overlay-color":"","overlay-opacity":"","overlay-gradient":""}},"footnotes":""},"class_list":["post-28","page","type-page","status-publish","hentry"],"yoast_head":"<!-- This site is optimized with the Yoast SEO Premium plugin v24.7 (Yoast SEO v24.8) - https:\/\/yoast.com\/wordpress\/plugins\/seo\/ -->\n<title>Aqua Boutique Hotel - Szeged - Foglalj most!<\/title>\n<meta name=\"description\" content=\"Szeged belv\u00e1ros\u00e1ban l\u00e9v\u0151 hotel, a f\u00fcrd\u0151 k\u00f6zels\u00e9g\u00e9ben, a pihen\u00e9s \u00e9s az \u00e9lm\u00e9nyek garant\u00e1ltak!\" \/>\n<meta name=\"robots\" content=\"index, follow, max-snippet:-1, max-image-preview:large, max-video-preview:-1\" \/>\n<link rel=\"canonical\" href=\"https:\/\/aquaboutiquehotel.hu\/en\/foglalas\/\" \/>\n<meta property=\"og:locale\" content=\"en_GB\" \/>\n<meta property=\"og:type\" content=\"article\" \/>\n<meta property=\"og:title\" content=\"Aqua Boutique Hotel - Szeged - Foglalj most!\" \/>\n<meta property=\"og:description\" content=\"Szeged belv\u00e1ros\u00e1ban l\u00e9v\u0151 hotel, a f\u00fcrd\u0151 k\u00f6zels\u00e9g\u00e9ben, a pihen\u00e9s \u00e9s az \u00e9lm\u00e9nyek garant\u00e1ltak!\" \/>\n<meta property=\"og:url\" content=\"https:\/\/aquaboutiquehotel.hu\/en\/foglalas\/\" \/>\n<meta property=\"og:site_name\" content=\"Aqua Boutique Hotel\" \/>\n<meta property=\"article:modified_time\" content=\"2025-03-21T09:18:48+00:00\" \/>\n<meta property=\"og:image\" content=\"https:\/\/aquaboutiquehotel.hu\/wp-content\/uploads\/2025\/03\/AquaKep00.webp\" \/>\n\t<meta property=\"og:image:width\" content=\"1200\" \/>\n\t<meta property=\"og:image:height\" content=\"675\" \/>\n\t<meta property=\"og:image:type\" content=\"image\/webp\" \/>\n<meta name=\"twitter:card\" content=\"summary_large_image\" \/>\n<meta name=\"twitter:label1\" content=\"Estimated reading time\" \/>\n\t<meta name=\"twitter:data1\" content=\"1 minute\" \/>\n<script type=\"application\/ld+json\" class=\"yoast-schema-graph\">{\"@context\":\"https:\/\/schema.org\",\"@graph\":[{\"@type\":\"WebPage\",\"@id\":\"https:\/\/aquaboutiquehotel.hu\/foglalas\/\",\"url\":\"https:\/\/aquaboutiquehotel.hu\/foglalas\/\",\"name\":\"Aqua Boutique Hotel - Szeged - Foglalj most!\",\"isPartOf\":{\"@id\":\"https:\/\/aquaboutiquehotel.hu\/#website\"},\"datePublished\":\"2025-03-03T12:08:35+00:00\",\"dateModified\":\"2025-03-21T09:18:48+00:00\",\"description\":\"Szeged belv\u00e1ros\u00e1ban l\u00e9v\u0151 hotel, a f\u00fcrd\u0151 k\u00f6zels\u00e9g\u00e9ben, a pihen\u00e9s \u00e9s az \u00e9lm\u00e9nyek garant\u00e1ltak!\",\"breadcrumb\":{\"@id\":\"https:\/\/aquaboutiquehotel.hu\/foglalas\/#breadcrumb\"},\"inLanguage\":\"en-GB\",\"potentialAction\":[{\"@type\":\"ReadAction\",\"target\":[\"https:\/\/aquaboutiquehotel.hu\/foglalas\/\"]}]},{\"@type\":\"BreadcrumbList\",\"@id\":\"https:\/\/aquaboutiquehotel.hu\/foglalas\/#breadcrumb\",\"itemListElement\":[{\"@type\":\"ListItem\",\"position\":1,\"name\":\"Kezd\u0151lap\",\"item\":\"https:\/\/aquaboutiquehotel.hu\/\"},{\"@type\":\"ListItem\",\"position\":2,\"name\":\"Foglal\u00e1s\"}]},{\"@type\":\"WebSite\",\"@id\":\"https:\/\/aquaboutiquehotel.hu\/#website\",\"url\":\"https:\/\/aquaboutiquehotel.hu\/\",\"name\":\"Aqua Boutique Hotel\",\"description\":\"Karny\u00fajt\u00e1snyira a v\u00edzi kalandokt\u00f3l!\",\"publisher\":{\"@id\":\"https:\/\/aquaboutiquehotel.hu\/#organization\"},\"alternateName\":\"Aqua Boutique Hotel Szeged\",\"potentialAction\":[{\"@type\":\"SearchAction\",\"target\":{\"@type\":\"EntryPoint\",\"urlTemplate\":\"https:\/\/aquaboutiquehotel.hu\/?s={search_term_string}\"},\"query-input\":{\"@type\":\"PropertyValueSpecification\",\"valueRequired\":true,\"valueName\":\"search_term_string\"}}],\"inLanguage\":\"en-GB\"},{\"@type\":\"Organization\",\"@id\":\"https:\/\/aquaboutiquehotel.hu\/#organization\",\"name\":\"Aqua Boutique Hotel\",\"alternateName\":\"Aqua Boutique Hotel Szeged\",\"url\":\"https:\/\/aquaboutiquehotel.hu\/\",\"logo\":{\"@type\":\"ImageObject\",\"inLanguage\":\"en-GB\",\"@id\":\"https:\/\/aquaboutiquehotel.hu\/#\/schema\/logo\/image\/\",\"url\":\"https:\/\/aquaboutiquehotel.hu\/wp-content\/uploads\/2025\/03\/aqua-boutique-logo-white.svg\",\"contentUrl\":\"https:\/\/aquaboutiquehotel.hu\/wp-content\/uploads\/2025\/03\/aqua-boutique-logo-white.svg\",\"width\":272,\"height\":116,\"caption\":\"Aqua Boutique Hotel\"},\"image\":{\"@id\":\"https:\/\/aquaboutiquehotel.hu\/#\/schema\/logo\/image\/\"}}]}<\/script>\n<!-- \/ Yoast SEO Premium plugin. -->","yoast_head_json":{"title":"Aqua Boutique Hotel - Szeged - Foglalj most!","description":"Szeged belv\u00e1ros\u00e1ban l\u00e9v\u0151 hotel, a f\u00fcrd\u0151 k\u00f6zels\u00e9g\u00e9ben, a pihen\u00e9s \u00e9s az \u00e9lm\u00e9nyek garant\u00e1ltak!","robots":{"index":"index","follow":"follow","max-snippet":"max-snippet:-1","max-image-preview":"max-image-preview:large","max-video-preview":"max-video-preview:-1"},"canonical":"https:\/\/aquaboutiquehotel.hu\/en\/foglalas\/","og_locale":"en_GB","og_type":"article","og_title":"Aqua Boutique Hotel - Szeged - Foglalj most!","og_description":"Szeged belv\u00e1ros\u00e1ban l\u00e9v\u0151 hotel, a f\u00fcrd\u0151 k\u00f6zels\u00e9g\u00e9ben, a pihen\u00e9s \u00e9s az \u00e9lm\u00e9nyek garant\u00e1ltak!","og_url":"https:\/\/aquaboutiquehotel.hu\/en\/foglalas\/","og_site_name":"Aqua Boutique Hotel","article_modified_time":"2025-03-21T09:18:48+00:00","og_image":[{"width":1200,"height":675,"url":"https:\/\/aquaboutiquehotel.hu\/wp-content\/uploads\/2025\/03\/AquaKep00.webp","type":"image\/webp"}],"twitter_card":"summary_large_image","twitter_misc":{"Estimated reading time":"1 minute"},"schema":{"@context":"https:\/\/schema.org","@graph":[{"@type":"WebPage","@id":"https:\/\/aquaboutiquehotel.hu\/foglalas\/","url":"https:\/\/aquaboutiquehotel.hu\/foglalas\/","name":"Aqua Boutique Hotel - Szeged - Foglalj most!","isPartOf":{"@id":"https:\/\/aquaboutiquehotel.hu\/#website"},"datePublished":"2025-03-03T12:08:35+00:00","dateModified":"2025-03-21T09:18:48+00:00","description":"Szeged belv\u00e1ros\u00e1ban l\u00e9v\u0151 hotel, a f\u00fcrd\u0151 k\u00f6zels\u00e9g\u00e9ben, a pihen\u00e9s \u00e9s az \u00e9lm\u00e9nyek garant\u00e1ltak!","breadcrumb":{"@id":"https:\/\/aquaboutiquehotel.hu\/foglalas\/#breadcrumb"},"inLanguage":"en-GB","potentialAction":[{"@type":"ReadAction","target":["https:\/\/aquaboutiquehotel.hu\/foglalas\/"]}]},{"@type":"BreadcrumbList","@id":"https:\/\/aquaboutiquehotel.hu\/foglalas\/#breadcrumb","itemListElement":[{"@type":"ListItem","position":1,"name":"Kezd\u0151lap","item":"https:\/\/aquaboutiquehotel.hu\/"},{"@type":"ListItem","position":2,"name":"Foglal\u00e1s"}]},{"@type":"WebSite","@id":"https:\/\/aquaboutiquehotel.hu\/#website","url":"https:\/\/aquaboutiquehotel.hu\/","name":"Aqua Boutique Hotel","description":"Karny\u00fajt\u00e1snyira a v\u00edzi kalandokt\u00f3l!","publisher":{"@id":"https:\/\/aquaboutiquehotel.hu\/#organization"},"alternateName":"Aqua Boutique Hotel Szeged","potentialAction":[{"@type":"SearchAction","target":{"@type":"EntryPoint","urlTemplate":"https:\/\/aquaboutiquehotel.hu\/?s={search_term_string}"},"query-input":{"@type":"PropertyValueSpecification","valueRequired":true,"valueName":"search_term_string"}}],"inLanguage":"en-GB"},{"@type":"Organization","@id":"https:\/\/aquaboutiquehotel.hu\/#organization","name":"Aqua Boutique Hotel","alternateName":"Aqua Boutique Hotel Szeged","url":"https:\/\/aquaboutiquehotel.hu\/","logo":{"@type":"ImageObject","inLanguage":"en-GB","@id":"https:\/\/aquaboutiquehotel.hu\/#\/schema\/logo\/image\/","url":"https:\/\/aquaboutiquehotel.hu\/wp-content\/uploads\/2025\/03\/aqua-boutique-logo-white.svg","contentUrl":"https:\/\/aquaboutiquehotel.hu\/wp-content\/uploads\/2025\/03\/aqua-boutique-logo-white.svg","width":272,"height":116,"caption":"Aqua Boutique Hotel"},"image":{"@id":"https:\/\/aquaboutiquehotel.hu\/#\/schema\/logo\/image\/"}}]}},"_links":{"self":[{"href":"https:\/\/aquaboutiquehotel.hu\/en\/wp-json\/wp\/v2\/pages\/28","targetHints":{"allow":["GET"]}}],"collection":[{"href":"https:\/\/aquaboutiquehotel.hu\/en\/wp-json\/wp\/v2\/pages"}],"about":[{"href":"https:\/\/aquaboutiquehotel.hu\/en\/wp-json\/wp\/v2\/types\/page"}],"author":[{"embeddable":true,"href":"https:\/\/aquaboutiquehotel.hu\/en\/wp-json\/wp\/v2\/users\/1"}],"replies":[{"embeddable":true,"href":"https:\/\/aquaboutiquehotel.hu\/en\/wp-json\/wp\/v2\/comments?post=28"}],"version-history":[{"count":28,"href":"https:\/\/aquaboutiquehotel.hu\/en\/wp-json\/wp\/v2\/pages\/28\/revisions"}],"predecessor-version":[{"id":1295,"href":"https:\/\/aquaboutiquehotel.hu\/en\/wp-json\/wp\/v2\/pages\/28\/revisions\/1295"}],"wp:attachment":[{"href":"https:\/\/aquaboutiquehotel.hu\/en\/wp-json\/wp\/v2\/media?parent=28"}],"curies":[{"name":"wp","href":"https:\/\/api.w.org\/{rel}","templated":true}]}}