{"id":32,"date":"2025-03-03T13:08:56","date_gmt":"2025-03-03T12:08:56","guid":{"rendered":"https:\/\/aquaboutiquehotel.hu\/?page_id=32"},"modified":"2025-04-03T09:15:49","modified_gmt":"2025-04-03T07:15:49","slug":"kapcsolat","status":"publish","type":"page","link":"https:\/\/aquaboutiquehotel.hu\/en\/kapcsolat\/","title":{"rendered":"Contact"},"content":{"rendered":"<div data-elementor-type=\"wp-page\" data-elementor-id=\"32\" class=\"elementor elementor-32\" data-elementor-post-type=\"page\">\n\t\t\t\t<div class=\"elementor-element elementor-element-7a79068 e-flex e-con-boxed e-con e-parent\" data-id=\"7a79068\" data-element_type=\"container\" data-settings=\"{&quot;background_background&quot;:&quot;classic&quot;}\">\n\t\t\t\t\t<div class=\"e-con-inner\">\n\t\t\t\t<div class=\"elementor-element elementor-element-3b7172a elementor-widget elementor-widget-spacer\" data-id=\"3b7172a\" data-element_type=\"widget\" data-widget_type=\"spacer.default\">\n\t\t\t\t<div class=\"elementor-widget-container\">\n\t\t\t\t\t\t\t<div class=\"elementor-spacer\">\n\t\t\t<div class=\"elementor-spacer-inner\"><\/div>\n\t\t<\/div>\n\t\t\t\t\t\t<\/div>\n\t\t\t\t<\/div>\n\t\t\t\t<div class=\"elementor-element elementor-element-017085d elementor-widget elementor-widget-heading\" data-id=\"017085d\" data-element_type=\"widget\" data-widget_type=\"heading.default\">\n\t\t\t\t<div class=\"elementor-widget-container\">\n\t\t\t\t\t<h1 class=\"elementor-heading-title elementor-size-default\">Contact<\/h1>\t\t\t\t<\/div>\n\t\t\t\t<\/div>\n\t\t\t\t\t<\/div>\n\t\t\t\t<\/div>\n\t\t<div class=\"elementor-element elementor-element-f1f396d e-flex e-con-boxed e-con e-parent\" data-id=\"f1f396d\" data-element_type=\"container\">\n\t\t\t\t\t<div class=\"e-con-inner\">\n\t\t\t\t<div class=\"elementor-element elementor-element-a376088 elementor-widget elementor-widget-text-editor\" data-id=\"a376088\" data-element_type=\"widget\" data-widget_type=\"text-editor.default\">\n\t\t\t\t<div class=\"elementor-widget-container\">\n\t\t\t\t\t\t\t\t\t<div class=\"elementor-element elementor-element-8549f09 elementor-widget elementor-widget-text-editor\" data-id=\"8549f09\" data-element_type=\"widget\" data-widget_type=\"text-editor.default\"><div class=\"elementor-widget-container\"><p><span class=\"html-span xdj266r x11i5rnm xat24cr x1mh8g0r xexx8yu x4uap5 x18d9i69 xkhd6sd x1hl2dhg x16tdsg8 x1vvkbs x4k7w5x x1h91t0o x1h9r5lt x1jfb8zj xv2umb2 x1beo9mf xaigb6o x12ejxvf x3igimt xarpa2k xedcshv x1lytzrv x1t2pt76 x7ja8zs x1qrby5j\"><span class=\"x193iq5w xeuugli x13faqbe x1vvkbs x1xmvt09 x1lliihq x1s928wv xhkezso x1gmr53x x1cpjm7i x1fgarty x1943h6x xudqn12 x3x7a5m x6prxxf xvq8zen xo1l8bm xzsf02u\" dir=\"auto\">Don't hesitate to ask any questions! Write to us now and we will respond as soon as possible!<\/span><\/span><\/p><\/div><\/div>\t\t\t\t\t\t\t\t<\/div>\n\t\t\t\t<\/div>\n\t\t\t\t<div class=\"elementor-element elementor-element-bf8d0de elementor-button-align-start elementor-widget elementor-widget-form\" data-id=\"bf8d0de\" data-element_type=\"widget\" data-settings=\"{&quot;step_next_label&quot;:&quot;K\\u00f6vetkez\\u0151&quot;,&quot;step_previous_label&quot;:&quot;El\\u0151z\\u0151&quot;,&quot;button_width&quot;:&quot;100&quot;,&quot;step_type&quot;:&quot;number_text&quot;,&quot;step_icon_shape&quot;:&quot;circle&quot;}\" data-widget_type=\"form.default\">\n\t\t\t\t<div class=\"elementor-widget-container\">\n\t\t\t\t\t\t\t<form class=\"elementor-form\" method=\"post\" name=\"Kapcsolatfelv\u00e9tel\" action=\"\">\n\t\t\t<input type=\"hidden\" name=\"post_id\" value=\"32\"\/>\n\t\t\t<input type=\"hidden\" name=\"form_id\" value=\"bf8d0de\"\/>\n\t\t\t<input type=\"hidden\" name=\"referer_title\" value=\"Aqua Boutique Hotel - Szeged - Foglalj most!\" \/>\n\n\t\t\t\t\t\t\t<input type=\"hidden\" name=\"queried_id\" value=\"32\"\/>\n\t\t\t\n\t\t\t<div class=\"elementor-form-fields-wrapper elementor-labels-\">\n\t\t\t\t\t\t\t\t<div class=\"elementor-field-type-text elementor-field-group elementor-column elementor-field-group-field_3fd397d elementor-col-50 elementor-field-required\">\n\t\t\t\t\t\t\t\t\t\t\t\t<label for=\"form-field-field_3fd397d\" class=\"elementor-field-label elementor-screen-only\">\n\t\t\t\t\t\t\t\tVezet\u00e9kn\u00e9v\t\t\t\t\t\t\t<\/label>\n\t\t\t\t\t\t\t\t\t\t\t\t\t\t<input size=\"1\" type=\"text\" name=\"form_fields[field_3fd397d]\" id=\"form-field-field_3fd397d\" class=\"elementor-field elementor-size-sm  elementor-field-textual\" placeholder=\"Last name*\" required=\"required\">\n\t\t\t\t\t\t\t\t\t\t\t<\/div>\n\t\t\t\t\t\t\t\t<div class=\"elementor-field-type-text elementor-field-group elementor-column elementor-field-group-name elementor-col-50 elementor-field-required\">\n\t\t\t\t\t\t\t\t\t\t\t\t<label for=\"form-field-name\" class=\"elementor-field-label elementor-screen-only\">\n\t\t\t\t\t\t\t\tKeresztn\u00e9v\t\t\t\t\t\t\t<\/label>\n\t\t\t\t\t\t\t\t\t\t\t\t\t\t<input size=\"1\" type=\"text\" name=\"form_fields[name]\" id=\"form-field-name\" class=\"elementor-field elementor-size-sm  elementor-field-textual\" placeholder=\"First name*\" required=\"required\">\n\t\t\t\t\t\t\t\t\t\t\t<\/div>\n\t\t\t\t\t\t\t\t<div class=\"elementor-field-type-email elementor-field-group elementor-column elementor-field-group-email elementor-col-50 elementor-field-required\">\n\t\t\t\t\t\t\t\t\t\t\t\t<label for=\"form-field-email\" class=\"elementor-field-label elementor-screen-only\">\n\t\t\t\t\t\t\t\tEmail\t\t\t\t\t\t\t<\/label>\n\t\t\t\t\t\t\t\t\t\t\t\t\t\t<input size=\"1\" type=\"email\" name=\"form_fields[email]\" id=\"form-field-email\" class=\"elementor-field elementor-size-sm  elementor-field-textual\" placeholder=\"Email address*\" required=\"required\">\n\t\t\t\t\t\t\t\t\t\t\t<\/div>\n\t\t\t\t\t\t\t\t<div class=\"elementor-field-type-tel elementor-field-group elementor-column elementor-field-group-field_7d9e33e elementor-col-50 elementor-field-required\">\n\t\t\t\t\t\t\t\t\t\t\t\t<label for=\"form-field-field_7d9e33e\" class=\"elementor-field-label elementor-screen-only\">\n\t\t\t\t\t\t\t\tTelefonsz\u00e1m\t\t\t\t\t\t\t<\/label>\n\t\t\t\t\t\t\t\t<input size=\"1\" type=\"tel\" name=\"form_fields[field_7d9e33e]\" id=\"form-field-field_7d9e33e\" class=\"elementor-field elementor-size-sm  elementor-field-textual\" placeholder=\"Phone number*\" required=\"required\" pattern=\"[0-9()#&amp;+*-=.]+\" title=\"Phone number*\">\n\n\t\t\t\t\t\t<\/div>\n\t\t\t\t\t\t\t\t<div class=\"elementor-field-type-textarea elementor-field-group elementor-column elementor-field-group-message elementor-col-100\">\n\t\t\t\t\t\t\t\t\t\t\t\t<label for=\"form-field-message\" class=\"elementor-field-label elementor-screen-only\">\n\t\t\t\t\t\t\t\tMessage\t\t\t\t\t\t\t<\/label>\n\t\t\t\t\t\t<textarea class=\"elementor-field-textual elementor-field  elementor-size-sm\" name=\"form_fields[message]\" id=\"form-field-message\" rows=\"4\" placeholder=\"Message\"><\/textarea>\t\t\t\t<\/div>\n\t\t\t\t\t\t\t\t<div class=\"elementor-field-type-acceptance elementor-field-group elementor-column elementor-field-group-field_78a8085 elementor-col-100 elementor-field-required\">\n\t\t\t\t\t\t\t\t\t\t\t\t<label for=\"form-field-field_78a8085\" class=\"elementor-field-label elementor-screen-only\">\n\t\t\t\t\t\t\t\tPrivacy Policy\t\t\t\t\t\t\t<\/label>\n\t\t\t\t\t\t\t\t<div class=\"elementor-field-subgroup\">\n\t\t\t<span class=\"elementor-field-option\">\n\t\t\t\t<input type=\"checkbox\" name=\"form_fields[field_78a8085]\" id=\"form-field-field_78a8085\" class=\"elementor-field elementor-size-sm  elementor-acceptance-field\" required=\"required\">\n\t\t\t\t<label for=\"form-field-field_78a8085\">I have read and accept the contents of the Privacy Policy!<\/label>\t\t\t<\/span>\n\t\t<\/div>\n\t\t\t\t\t\t<\/div>\n\t\t\t\t\t\t\t\t<div class=\"elementor-field-group elementor-column elementor-field-type-submit elementor-col-100 e-form__buttons\">\n\t\t\t\t\t<button class=\"elementor-button elementor-size-sm\" type=\"submit\">\n\t\t\t\t\t\t<span class=\"elementor-button-content-wrapper\">\n\t\t\t\t\t\t\t\t\t\t\t\t\t\t\t\t\t\t\t\t\t\t<span class=\"elementor-button-text\">I'll send it!<\/span>\n\t\t\t\t\t\t\t\t\t\t\t\t\t<\/span>\n\t\t\t\t\t<\/button>\n\t\t\t\t<\/div>\n\t\t\t<\/div>\n\t\t<input type=\"hidden\" name=\"trp-form-language\" value=\"en\"\/><\/form>\n\t\t\t\t\t\t<\/div>\n\t\t\t\t<\/div>\n\t\t\t\t\t<\/div>\n\t\t\t\t<\/div>\n\t\t<div class=\"elementor-element elementor-element-faaa9a1 e-con-full e-flex e-con e-parent\" data-id=\"faaa9a1\" data-element_type=\"container\">\n\t\t\t\t<div class=\"elementor-element elementor-element-c17d700 elementor-widget elementor-widget-google_maps\" data-id=\"c17d700\" data-element_type=\"widget\" data-widget_type=\"google_maps.default\">\n\t\t\t\t<div class=\"elementor-widget-container\">\n\t\t\t\t\t\t\t<div class=\"elementor-custom-embed\">\n\t\t\t<iframe loading=\"lazy\"\n\t\t\t\t\tsrc=\"https:\/\/maps.google.com\/maps?q=6726%20Szeged%2C%20Szent-Gy%C3%B6rgyi%20Albert%20u.%2026.&#038;t=m&#038;z=14&#038;output=embed&#038;iwloc=near\"\n\t\t\t\t\ttitle=\"6726 Szeged, Szent-Gy\u00f6rgyi Albert u. 26.\"\n\t\t\t\t\taria-label=\"6726 Szeged, Szent-Gy\u00f6rgyi Albert u. 26.\"\n\t\t\t><\/iframe>\n\t\t<\/div>\n\t\t\t\t\t\t<\/div>\n\t\t\t\t<\/div>\n\t\t\t\t<\/div>\n\t\t\t\t<\/div>","protected":false},"excerpt":{"rendered":"<p>Kapcsolat Ne maradjon k\u00e9rd\u00e9sed! \u00cdrj nek\u00fcnk most, \u00e9s mihamarabb v\u00e1laszolunk!<\/p>","protected":false},"author":1,"featured_media":0,"parent":0,"menu_order":0,"comment_status":"closed","ping_status":"closed","template":"","meta":{"site-sidebar-layout":"no-sidebar","site-content-layout":"","ast-site-content-layout":"full-width-container","site-content-style":"default","site-sidebar-style":"default","ast-global-header-display":"","ast-banner-title-visibility":"","ast-main-header-display":"","ast-hfb-above-header-display":"","ast-hfb-below-header-display":"","ast-hfb-mobile-header-display":"","site-post-title":"disabled","ast-breadcrumbs-content":"","ast-featured-img":"disabled","footer-sml-layout":"","theme-transparent-header-meta":"","adv-header-id-meta":"","stick-header-meta":"","header-above-stick-meta":"","header-main-stick-meta":"","header-below-stick-meta":"","astra-migrate-meta-layouts":"default","ast-page-background-enabled":"default","ast-page-background-meta":{"desktop":{"background-color":"var(--ast-global-color-5)","background-image":"","background-repeat":"repeat","background-position":"center center","background-size":"auto","background-attachment":"scroll","background-type":"","background-media":"","overlay-type":"","overlay-color":"","overlay-opacity":"","overlay-gradient":""},"tablet":{"background-color":"","background-image":"","background-repeat":"repeat","background-position":"center center","background-size":"auto","background-attachment":"scroll","background-type":"","background-media":"","overlay-type":"","overlay-color":"","overlay-opacity":"","overlay-gradient":""},"mobile":{"background-color":"","background-image":"","background-repeat":"repeat","background-position":"center center","background-size":"auto","background-attachment":"scroll","background-type":"","background-media":"","overlay-type":"","overlay-color":"","overlay-opacity":"","overlay-gradient":""}},"ast-content-background-meta":{"desktop":{"background-color":"var(--ast-global-color-4)","background-image":"","background-repeat":"repeat","background-position":"center center","background-size":"auto","background-attachment":"scroll","background-type":"","background-media":"","overlay-type":"","overlay-color":"","overlay-opacity":"","overlay-gradient":""},"tablet":{"background-color":"var(--ast-global-color-4)","background-image":"","background-repeat":"repeat","background-position":"center center","background-size":"auto","background-attachment":"scroll","background-type":"","background-media":"","overlay-type":"","overlay-color":"","overlay-opacity":"","overlay-gradient":""},"mobile":{"background-color":"var(--ast-global-color-4)","background-image":"","background-repeat":"repeat","background-position":"center center","background-size":"auto","background-attachment":"scroll","background-type":"","background-media":"","overlay-type":"","overlay-color":"","overlay-opacity":"","overlay-gradient":""}},"footnotes":""},"class_list":["post-32","page","type-page","status-publish","hentry"],"yoast_head":"<!-- This site is optimized with the Yoast SEO Premium plugin v24.7 (Yoast SEO v24.8) - https:\/\/yoast.com\/wordpress\/plugins\/seo\/ -->\n<title>Aqua Boutique Hotel - Szeged - Foglalj most!<\/title>\n<meta name=\"description\" content=\"Szeged belv\u00e1ros\u00e1ban l\u00e9v\u0151 hotel, a f\u00fcrd\u0151 k\u00f6zels\u00e9g\u00e9ben, a pihen\u00e9s \u00e9s az \u00e9lm\u00e9nyek garant\u00e1ltak!\" \/>\n<meta name=\"robots\" content=\"index, follow, max-snippet:-1, max-image-preview:large, max-video-preview:-1\" \/>\n<link rel=\"canonical\" href=\"https:\/\/aquaboutiquehotel.hu\/en\/kapcsolat\/\" \/>\n<meta property=\"og:locale\" content=\"en_GB\" \/>\n<meta property=\"og:type\" content=\"article\" \/>\n<meta property=\"og:title\" content=\"Aqua Boutique Hotel - Szeged - Foglalj most!\" \/>\n<meta property=\"og:description\" content=\"Szeged belv\u00e1ros\u00e1ban l\u00e9v\u0151 hotel, a f\u00fcrd\u0151 k\u00f6zels\u00e9g\u00e9ben, a pihen\u00e9s \u00e9s az \u00e9lm\u00e9nyek garant\u00e1ltak!\" \/>\n<meta property=\"og:url\" content=\"https:\/\/aquaboutiquehotel.hu\/en\/kapcsolat\/\" \/>\n<meta property=\"og:site_name\" content=\"Aqua Boutique Hotel\" \/>\n<meta property=\"article:modified_time\" content=\"2025-04-03T07:15:49+00:00\" \/>\n<meta property=\"og:image\" content=\"https:\/\/aquaboutiquehotel.hu\/wp-content\/uploads\/2025\/03\/AquaKep00.webp\" \/>\n\t<meta property=\"og:image:width\" content=\"1200\" \/>\n\t<meta property=\"og:image:height\" content=\"675\" \/>\n\t<meta property=\"og:image:type\" content=\"image\/webp\" \/>\n<meta name=\"twitter:card\" content=\"summary_large_image\" \/>\n<meta name=\"twitter:label1\" content=\"Estimated reading time\" \/>\n\t<meta name=\"twitter:data1\" content=\"1 minute\" \/>\n<script type=\"application\/ld+json\" class=\"yoast-schema-graph\">{\"@context\":\"https:\/\/schema.org\",\"@graph\":[{\"@type\":\"WebPage\",\"@id\":\"https:\/\/aquaboutiquehotel.hu\/kapcsolat\/\",\"url\":\"https:\/\/aquaboutiquehotel.hu\/kapcsolat\/\",\"name\":\"Aqua Boutique Hotel - Szeged - Foglalj most!\",\"isPartOf\":{\"@id\":\"https:\/\/aquaboutiquehotel.hu\/#website\"},\"datePublished\":\"2025-03-03T12:08:56+00:00\",\"dateModified\":\"2025-04-03T07:15:49+00:00\",\"description\":\"Szeged belv\u00e1ros\u00e1ban l\u00e9v\u0151 hotel, a f\u00fcrd\u0151 k\u00f6zels\u00e9g\u00e9ben, a pihen\u00e9s \u00e9s az \u00e9lm\u00e9nyek garant\u00e1ltak!\",\"breadcrumb\":{\"@id\":\"https:\/\/aquaboutiquehotel.hu\/kapcsolat\/#breadcrumb\"},\"inLanguage\":\"en-GB\",\"potentialAction\":[{\"@type\":\"ReadAction\",\"target\":[\"https:\/\/aquaboutiquehotel.hu\/kapcsolat\/\"]}]},{\"@type\":\"BreadcrumbList\",\"@id\":\"https:\/\/aquaboutiquehotel.hu\/kapcsolat\/#breadcrumb\",\"itemListElement\":[{\"@type\":\"ListItem\",\"position\":1,\"name\":\"Kezd\u0151lap\",\"item\":\"https:\/\/aquaboutiquehotel.hu\/\"},{\"@type\":\"ListItem\",\"position\":2,\"name\":\"Kapcsolat\"}]},{\"@type\":\"WebSite\",\"@id\":\"https:\/\/aquaboutiquehotel.hu\/#website\",\"url\":\"https:\/\/aquaboutiquehotel.hu\/\",\"name\":\"Aqua Boutique Hotel\",\"description\":\"Karny\u00fajt\u00e1snyira a v\u00edzi kalandokt\u00f3l!\",\"publisher\":{\"@id\":\"https:\/\/aquaboutiquehotel.hu\/#organization\"},\"alternateName\":\"Aqua Boutique Hotel Szeged\",\"potentialAction\":[{\"@type\":\"SearchAction\",\"target\":{\"@type\":\"EntryPoint\",\"urlTemplate\":\"https:\/\/aquaboutiquehotel.hu\/?s={search_term_string}\"},\"query-input\":{\"@type\":\"PropertyValueSpecification\",\"valueRequired\":true,\"valueName\":\"search_term_string\"}}],\"inLanguage\":\"en-GB\"},{\"@type\":\"Organization\",\"@id\":\"https:\/\/aquaboutiquehotel.hu\/#organization\",\"name\":\"Aqua Boutique Hotel\",\"alternateName\":\"Aqua Boutique Hotel Szeged\",\"url\":\"https:\/\/aquaboutiquehotel.hu\/\",\"logo\":{\"@type\":\"ImageObject\",\"inLanguage\":\"en-GB\",\"@id\":\"https:\/\/aquaboutiquehotel.hu\/#\/schema\/logo\/image\/\",\"url\":\"https:\/\/aquaboutiquehotel.hu\/wp-content\/uploads\/2025\/03\/aqua-boutique-logo-white.svg\",\"contentUrl\":\"https:\/\/aquaboutiquehotel.hu\/wp-content\/uploads\/2025\/03\/aqua-boutique-logo-white.svg\",\"width\":272,\"height\":116,\"caption\":\"Aqua Boutique Hotel\"},\"image\":{\"@id\":\"https:\/\/aquaboutiquehotel.hu\/#\/schema\/logo\/image\/\"}}]}<\/script>\n<!-- \/ Yoast SEO Premium plugin. -->","yoast_head_json":{"title":"Aqua Boutique Hotel - Szeged - Foglalj most!","description":"Szeged belv\u00e1ros\u00e1ban l\u00e9v\u0151 hotel, a f\u00fcrd\u0151 k\u00f6zels\u00e9g\u00e9ben, a pihen\u00e9s \u00e9s az \u00e9lm\u00e9nyek garant\u00e1ltak!","robots":{"index":"index","follow":"follow","max-snippet":"max-snippet:-1","max-image-preview":"max-image-preview:large","max-video-preview":"max-video-preview:-1"},"canonical":"https:\/\/aquaboutiquehotel.hu\/en\/kapcsolat\/","og_locale":"en_GB","og_type":"article","og_title":"Aqua Boutique Hotel - Szeged - Foglalj most!","og_description":"Szeged belv\u00e1ros\u00e1ban l\u00e9v\u0151 hotel, a f\u00fcrd\u0151 k\u00f6zels\u00e9g\u00e9ben, a pihen\u00e9s \u00e9s az \u00e9lm\u00e9nyek garant\u00e1ltak!","og_url":"https:\/\/aquaboutiquehotel.hu\/en\/kapcsolat\/","og_site_name":"Aqua Boutique Hotel","article_modified_time":"2025-04-03T07:15:49+00:00","og_image":[{"width":1200,"height":675,"url":"https:\/\/aquaboutiquehotel.hu\/wp-content\/uploads\/2025\/03\/AquaKep00.webp","type":"image\/webp"}],"twitter_card":"summary_large_image","twitter_misc":{"Estimated reading time":"1 minute"},"schema":{"@context":"https:\/\/schema.org","@graph":[{"@type":"WebPage","@id":"https:\/\/aquaboutiquehotel.hu\/kapcsolat\/","url":"https:\/\/aquaboutiquehotel.hu\/kapcsolat\/","name":"Aqua Boutique Hotel - Szeged - Foglalj most!","isPartOf":{"@id":"https:\/\/aquaboutiquehotel.hu\/#website"},"datePublished":"2025-03-03T12:08:56+00:00","dateModified":"2025-04-03T07:15:49+00:00","description":"Szeged belv\u00e1ros\u00e1ban l\u00e9v\u0151 hotel, a f\u00fcrd\u0151 k\u00f6zels\u00e9g\u00e9ben, a pihen\u00e9s \u00e9s az \u00e9lm\u00e9nyek garant\u00e1ltak!","breadcrumb":{"@id":"https:\/\/aquaboutiquehotel.hu\/kapcsolat\/#breadcrumb"},"inLanguage":"en-GB","potentialAction":[{"@type":"ReadAction","target":["https:\/\/aquaboutiquehotel.hu\/kapcsolat\/"]}]},{"@type":"BreadcrumbList","@id":"https:\/\/aquaboutiquehotel.hu\/kapcsolat\/#breadcrumb","itemListElement":[{"@type":"ListItem","position":1,"name":"Kezd\u0151lap","item":"https:\/\/aquaboutiquehotel.hu\/"},{"@type":"ListItem","position":2,"name":"Kapcsolat"}]},{"@type":"WebSite","@id":"https:\/\/aquaboutiquehotel.hu\/#website","url":"https:\/\/aquaboutiquehotel.hu\/","name":"Aqua Boutique Hotel","description":"Karny\u00fajt\u00e1snyira a v\u00edzi kalandokt\u00f3l!","publisher":{"@id":"https:\/\/aquaboutiquehotel.hu\/#organization"},"alternateName":"Aqua Boutique Hotel Szeged","potentialAction":[{"@type":"SearchAction","target":{"@type":"EntryPoint","urlTemplate":"https:\/\/aquaboutiquehotel.hu\/?s={search_term_string}"},"query-input":{"@type":"PropertyValueSpecification","valueRequired":true,"valueName":"search_term_string"}}],"inLanguage":"en-GB"},{"@type":"Organization","@id":"https:\/\/aquaboutiquehotel.hu\/#organization","name":"Aqua Boutique Hotel","alternateName":"Aqua Boutique Hotel Szeged","url":"https:\/\/aquaboutiquehotel.hu\/","logo":{"@type":"ImageObject","inLanguage":"en-GB","@id":"https:\/\/aquaboutiquehotel.hu\/#\/schema\/logo\/image\/","url":"https:\/\/aquaboutiquehotel.hu\/wp-content\/uploads\/2025\/03\/aqua-boutique-logo-white.svg","contentUrl":"https:\/\/aquaboutiquehotel.hu\/wp-content\/uploads\/2025\/03\/aqua-boutique-logo-white.svg","width":272,"height":116,"caption":"Aqua Boutique Hotel"},"image":{"@id":"https:\/\/aquaboutiquehotel.hu\/#\/schema\/logo\/image\/"}}]}},"_links":{"self":[{"href":"https:\/\/aquaboutiquehotel.hu\/en\/wp-json\/wp\/v2\/pages\/32","targetHints":{"allow":["GET"]}}],"collection":[{"href":"https:\/\/aquaboutiquehotel.hu\/en\/wp-json\/wp\/v2\/pages"}],"about":[{"href":"https:\/\/aquaboutiquehotel.hu\/en\/wp-json\/wp\/v2\/types\/page"}],"author":[{"embeddable":true,"href":"https:\/\/aquaboutiquehotel.hu\/en\/wp-json\/wp\/v2\/users\/1"}],"replies":[{"embeddable":true,"href":"https:\/\/aquaboutiquehotel.hu\/en\/wp-json\/wp\/v2\/comments?post=32"}],"version-history":[{"count":52,"href":"https:\/\/aquaboutiquehotel.hu\/en\/wp-json\/wp\/v2\/pages\/32\/revisions"}],"predecessor-version":[{"id":1484,"href":"https:\/\/aquaboutiquehotel.hu\/en\/wp-json\/wp\/v2\/pages\/32\/revisions\/1484"}],"wp:attachment":[{"href":"https:\/\/aquaboutiquehotel.hu\/en\/wp-json\/wp\/v2\/media?parent=32"}],"curies":[{"name":"wp","href":"https:\/\/api.w.org\/{rel}","templated":true}]}}