{"id":36,"date":"2025-03-03T13:10:47","date_gmt":"2025-03-03T12:10:47","guid":{"rendered":"https:\/\/aquaboutiquehotel.hu\/?page_id=36"},"modified":"2025-03-21T10:54:56","modified_gmt":"2025-03-21T09:54:56","slug":"wellness","status":"publish","type":"page","link":"https:\/\/aquaboutiquehotel.hu\/en\/szolgaltatasaink\/wellness\/","title":{"rendered":"Wellness"},"content":{"rendered":"<div data-elementor-type=\"wp-page\" data-elementor-id=\"36\" class=\"elementor elementor-36\" data-elementor-post-type=\"page\">\n\t\t\t\t<div class=\"elementor-element elementor-element-ad18744 e-flex e-con-boxed e-con e-parent\" data-id=\"ad18744\" data-element_type=\"container\" data-settings=\"{&quot;background_background&quot;:&quot;classic&quot;}\">\n\t\t\t\t\t<div class=\"e-con-inner\">\n\t\t\t\t<div class=\"elementor-element elementor-element-93d6d85 elementor-widget elementor-widget-spacer\" data-id=\"93d6d85\" data-element_type=\"widget\" data-widget_type=\"spacer.default\">\n\t\t\t\t<div class=\"elementor-widget-container\">\n\t\t\t\t\t\t\t<div class=\"elementor-spacer\">\n\t\t\t<div class=\"elementor-spacer-inner\"><\/div>\n\t\t<\/div>\n\t\t\t\t\t\t<\/div>\n\t\t\t\t<\/div>\n\t\t\t\t<div class=\"elementor-element elementor-element-c8efc9d elementor-widget elementor-widget-heading\" data-id=\"c8efc9d\" data-element_type=\"widget\" data-widget_type=\"heading.default\">\n\t\t\t\t<div class=\"elementor-widget-container\">\n\t\t\t\t\t<h1 class=\"elementor-heading-title elementor-size-default\">Wellness<\/h1>\t\t\t\t<\/div>\n\t\t\t\t<\/div>\n\t\t\t\t<div class=\"elementor-element elementor-element-87db2a4 elementor-icon-list--layout-inline elementor-align-center elementor-list-item-link-full_width elementor-widget elementor-widget-icon-list\" data-id=\"87db2a4\" data-element_type=\"widget\" data-widget_type=\"icon-list.default\">\n\t\t\t\t<div class=\"elementor-widget-container\">\n\t\t\t\t\t\t\t<ul class=\"elementor-icon-list-items elementor-inline-items\">\n\t\t\t\t\t\t\t<li class=\"elementor-icon-list-item elementor-inline-item\">\n\t\t\t\t\t\t\t\t\t\t\t<a href=\"https:\/\/aquaboutiquehotel.hu\/en\/\">\n\n\t\t\t\t\t\t\t\t\t\t\t\t<span class=\"elementor-icon-list-icon\">\n\t\t\t\t\t\t\t<svg aria-hidden=\"true\" class=\"e-font-icon-svg e-fas-home\" viewbox=\"0 0 576 512\" xmlns=\"http:\/\/www.w3.org\/2000\/svg\"><path d=\"M280.37 148.26L96 300.11V464a16 16 0 0 0 16 16l112.06-.29a16 16 0 0 0 15.92-16V368a16 16 0 0 1 16-16h64a16 16 0 0 1 16 16v95.64a16 16 0 0 0 16 16.05L464 480a16 16 0 0 0 16-16V300L295.67 148.26a12.19 12.19 0 0 0-15.3 0zM571.6 251.47L488 182.56V44.05a12 12 0 0 0-12-12h-56a12 12 0 0 0-12 12v72.61L318.47 43a48 48 0 0 0-61 0L4.34 251.47a12 12 0 0 0-1.6 16.9l25.5 31A12 12 0 0 0 45.15 301l235.22-193.74a12.19 12.19 0 0 1 15.3 0L530.9 301a12 12 0 0 0 16.9-1.6l25.5-31a12 12 0 0 0-1.7-16.93z\"><\/path><\/svg>\t\t\t\t\t\t<\/span>\n\t\t\t\t\t\t\t\t\t\t<span class=\"elementor-icon-list-text\">Home<\/span>\n\t\t\t\t\t\t\t\t\t\t\t<\/a>\n\t\t\t\t\t\t\t\t\t<\/li>\n\t\t\t\t\t\t\t\t<li class=\"elementor-icon-list-item elementor-inline-item\">\n\t\t\t\t\t\t\t\t\t\t\t<a href=\"https:\/\/aquaboutiquehotel.hu\/en\/szolgaltatasaink\/\">\n\n\t\t\t\t\t\t\t\t\t\t\t\t<span class=\"elementor-icon-list-icon\">\n\t\t\t\t\t\t\t<svg aria-hidden=\"true\" class=\"e-font-icon-svg e-fas-chevron-left\" viewbox=\"0 0 320 512\" xmlns=\"http:\/\/www.w3.org\/2000\/svg\"><path d=\"M34.52 239.03L228.87 44.69c9.37-9.37 24.57-9.37 33.94 0l22.67 22.67c9.36 9.36 9.37 24.52.04 33.9L131.49 256l154.02 154.75c9.34 9.38 9.32 24.54-.04 33.9l-22.67 22.67c-9.37 9.37-24.57 9.37-33.94 0L34.52 272.97c-9.37-9.37-9.37-24.57 0-33.94z\"><\/path><\/svg>\t\t\t\t\t\t<\/span>\n\t\t\t\t\t\t\t\t\t\t<span class=\"elementor-icon-list-text\">Services<\/span>\n\t\t\t\t\t\t\t\t\t\t\t<\/a>\n\t\t\t\t\t\t\t\t\t<\/li>\n\t\t\t\t\t\t<\/ul>\n\t\t\t\t\t\t<\/div>\n\t\t\t\t<\/div>\n\t\t\t\t\t<\/div>\n\t\t\t\t<\/div>\n\t\t<div class=\"elementor-element elementor-element-ab5d28a e-flex e-con-boxed e-con e-parent\" data-id=\"ab5d28a\" data-element_type=\"container\" data-settings=\"{&quot;background_background&quot;:&quot;classic&quot;}\">\n\t\t\t\t\t<div class=\"e-con-inner\">\n\t\t\t\t<div class=\"elementor-element elementor-element-742baf0 elementor-widget elementor-widget-heading\" data-id=\"742baf0\" data-element_type=\"widget\" data-widget_type=\"heading.default\">\n\t\t\t\t<div class=\"elementor-widget-container\">\n\t\t\t\t\t<h2 class=\"elementor-heading-title elementor-size-default\">Relax, Recharge, Connect<\/h2>\t\t\t\t<\/div>\n\t\t\t\t<\/div>\n\t\t\t\t<div class=\"elementor-element elementor-element-8c2420b elementor-widget elementor-widget-spacer\" data-id=\"8c2420b\" data-element_type=\"widget\" data-widget_type=\"spacer.default\">\n\t\t\t\t<div class=\"elementor-widget-container\">\n\t\t\t\t\t\t\t<div class=\"elementor-spacer\">\n\t\t\t<div class=\"elementor-spacer-inner\"><\/div>\n\t\t<\/div>\n\t\t\t\t\t\t<\/div>\n\t\t\t\t<\/div>\n\t\t\t\t<div class=\"elementor-element elementor-element-57208a3 elementor-widget elementor-widget-text-editor\" data-id=\"57208a3\" data-element_type=\"widget\" data-widget_type=\"text-editor.default\">\n\t\t\t\t<div class=\"elementor-widget-container\">\n\t\t\t\t\t\t\t\t\t<p>The Aqua Boutique wellness area is available to all our guests, offering a true escape and the perfect opportunity to recharge. The serene, elegant environment, soothing background music, and carefully designed spaces ensure that everyone can find their ideal way to relax, whether they are visiting for personal retreat, a gathering with friends, or a corporate event.<\/p><p>In the jacuzzi, guests can unwind as the warm, bubbling water gently massages their muscles, helping to release daily stress. Whether after a long day of sightseeing or as part of a team-building event or a friendly get-together, the jacuzzi provides the perfect setting for relaxation and effortless conversations.<\/p><p>The Finnish sauna offers its beneficial effects to all our guests, promoting detoxification, stress relief, and full-body rejuvenation. The warm air relaxes muscles, stimulates circulation, and contributes to healthy skin. After a sauna session, a refreshing shower and comfortable lounge chairs ensure complete relaxation, while the soft background music and peaceful atmosphere deepen the sense of tranquility.<\/p>\t\t\t\t\t\t\t\t<\/div>\n\t\t\t\t<\/div>\n\t\t\t\t<div class=\"elementor-element elementor-element-103eb9b elementor-widget elementor-widget-spacer\" data-id=\"103eb9b\" data-element_type=\"widget\" data-widget_type=\"spacer.default\">\n\t\t\t\t<div class=\"elementor-widget-container\">\n\t\t\t\t\t\t\t<div class=\"elementor-spacer\">\n\t\t\t<div class=\"elementor-spacer-inner\"><\/div>\n\t\t<\/div>\n\t\t\t\t\t\t<\/div>\n\t\t\t\t<\/div>\n\t\t\t\t<div class=\"elementor-element elementor-element-a60ac9e elementor-widget elementor-widget-gallery\" data-id=\"a60ac9e\" data-element_type=\"widget\" data-settings=\"{&quot;columns&quot;:3,&quot;gallery_layout&quot;:&quot;grid&quot;,&quot;columns_tablet&quot;:2,&quot;columns_mobile&quot;:1,&quot;gap&quot;:{&quot;unit&quot;:&quot;px&quot;,&quot;size&quot;:10,&quot;sizes&quot;:[]},&quot;gap_tablet&quot;:{&quot;unit&quot;:&quot;px&quot;,&quot;size&quot;:10,&quot;sizes&quot;:[]},&quot;gap_mobile&quot;:{&quot;unit&quot;:&quot;px&quot;,&quot;size&quot;:10,&quot;sizes&quot;:[]},&quot;link_to&quot;:&quot;file&quot;,&quot;aspect_ratio&quot;:&quot;3:2&quot;,&quot;overlay_background&quot;:&quot;yes&quot;,&quot;content_hover_animation&quot;:&quot;fade-in&quot;}\" data-widget_type=\"gallery.default\">\n\t\t\t\t<div class=\"elementor-widget-container\">\n\t\t\t\t\t\t\t<div class=\"elementor-gallery__container\">\n\t\t\t\t\t\t\t<a class=\"e-gallery-item elementor-gallery-item elementor-animated-content\" href=\"https:\/\/aquaboutiquehotel.hu\/wp-content\/uploads\/2025\/03\/wellnes1.webp\" data-elementor-open-lightbox=\"yes\" data-elementor-lightbox-slideshow=\"a60ac9e\" data-elementor-lightbox-title=\"wellnes1\" data-e-action-hash=\"#elementor-action%3Aaction%3Dlightbox%26settings%3DeyJpZCI6NDA2LCJ1cmwiOiJodHRwczpcL1wvYXF1YWJvdXRpcXVlaG90ZWwuaHVcL3dwLWNvbnRlbnRcL3VwbG9hZHNcLzIwMjVcLzAzXC93ZWxsbmVzMS53ZWJwIiwic2xpZGVzaG93IjoiYTYwYWM5ZSJ9\">\n\t\t\t\t\t<div class=\"e-gallery-image elementor-gallery-item__image\" data-thumbnail=\"https:\/\/aquaboutiquehotel.hu\/wp-content\/uploads\/2025\/03\/wellnes1-768x513.webp\" data-width=\"768\" data-height=\"513\" aria-label=\"Aqua Boutique Hotel Szeged Wellness 3\" role=\"img\" ><\/div>\n\t\t\t\t\t\t\t\t\t\t\t<div class=\"elementor-gallery-item__overlay\"><\/div>\n\t\t\t\t\t\t\t\t\t\t\t\t\t\t<\/a>\n\t\t\t\t\t\t\t<a class=\"e-gallery-item elementor-gallery-item elementor-animated-content\" href=\"https:\/\/aquaboutiquehotel.hu\/wp-content\/uploads\/2025\/03\/wellnes2.webp\" data-elementor-open-lightbox=\"yes\" data-elementor-lightbox-slideshow=\"a60ac9e\" data-elementor-lightbox-title=\"wellnes2\" data-e-action-hash=\"#elementor-action%3Aaction%3Dlightbox%26settings%3DeyJpZCI6Mzk4LCJ1cmwiOiJodHRwczpcL1wvYXF1YWJvdXRpcXVlaG90ZWwuaHVcL3dwLWNvbnRlbnRcL3VwbG9hZHNcLzIwMjVcLzAzXC93ZWxsbmVzMi53ZWJwIiwic2xpZGVzaG93IjoiYTYwYWM5ZSJ9\">\n\t\t\t\t\t<div class=\"e-gallery-image elementor-gallery-item__image\" data-thumbnail=\"https:\/\/aquaboutiquehotel.hu\/wp-content\/uploads\/2025\/03\/wellnes2-768x513.webp\" data-width=\"768\" data-height=\"513\" aria-label=\"Aqua Boutique Hotel Szeged Wellness 1\" role=\"img\" ><\/div>\n\t\t\t\t\t\t\t\t\t\t\t<div class=\"elementor-gallery-item__overlay\"><\/div>\n\t\t\t\t\t\t\t\t\t\t\t\t\t\t<\/a>\n\t\t\t\t\t\t\t<a class=\"e-gallery-item elementor-gallery-item elementor-animated-content\" href=\"https:\/\/aquaboutiquehotel.hu\/wp-content\/uploads\/2025\/03\/wellnes3.webp\" data-elementor-open-lightbox=\"yes\" data-elementor-lightbox-slideshow=\"a60ac9e\" data-elementor-lightbox-title=\"wellnes3\" data-e-action-hash=\"#elementor-action%3Aaction%3Dlightbox%26settings%3DeyJpZCI6Mzk5LCJ1cmwiOiJodHRwczpcL1wvYXF1YWJvdXRpcXVlaG90ZWwuaHVcL3dwLWNvbnRlbnRcL3VwbG9hZHNcLzIwMjVcLzAzXC93ZWxsbmVzMy53ZWJwIiwic2xpZGVzaG93IjoiYTYwYWM5ZSJ9\">\n\t\t\t\t\t<div class=\"e-gallery-image elementor-gallery-item__image\" data-thumbnail=\"https:\/\/aquaboutiquehotel.hu\/wp-content\/uploads\/2025\/03\/wellnes3-768x513.webp\" data-width=\"768\" data-height=\"513\" aria-label=\"Aqua Boutique Hotel Szeged Wellness 2\" role=\"img\" ><\/div>\n\t\t\t\t\t\t\t\t\t\t\t<div class=\"elementor-gallery-item__overlay\"><\/div>\n\t\t\t\t\t\t\t\t\t\t\t\t\t\t<\/a>\n\t\t\t\t\t<\/div>\n\t\t\t\t\t<\/div>\n\t\t\t\t<\/div>\n\t\t\t\t<div class=\"elementor-element elementor-element-aa70142 elementor-widget elementor-widget-spacer\" data-id=\"aa70142\" data-element_type=\"widget\" data-widget_type=\"spacer.default\">\n\t\t\t\t<div class=\"elementor-widget-container\">\n\t\t\t\t\t\t\t<div class=\"elementor-spacer\">\n\t\t\t<div class=\"elementor-spacer-inner\"><\/div>\n\t\t<\/div>\n\t\t\t\t\t\t<\/div>\n\t\t\t\t<\/div>\n\t\t\t\t<div class=\"elementor-element elementor-element-1a094d0 elementor-widget elementor-widget-text-editor\" data-id=\"1a094d0\" data-element_type=\"widget\" data-widget_type=\"text-editor.default\">\n\t\t\t\t<div class=\"elementor-widget-container\">\n\t\t\t\t\t\t\t\t\t<p>Our wellness services are available to everyone, providing a chance to unwind, refresh, and fully relax after a long day. For groups of friends, the wellness area serves as the perfect addition to a shared getaway, offering a peaceful space to relax together. For corporate teams, it is an excellent opportunity to wind down after a productive training session or meeting, creating a relaxed, informal setting where colleagues can bond and strengthen team spirit.<\/p><p>The Aqua Boutique wellness area is a place where all guests can enjoy a holistic rejuvenation experience\u2014whether seeking personal relaxation, a social retreat, or a well-earned break after a corporate event. Here, relaxation and quality time become a truly memorable experience.<\/p>\t\t\t\t\t\t\t\t<\/div>\n\t\t\t\t<\/div>\n\t\t\t\t<div class=\"elementor-element elementor-element-5a9eb6a elementor-widget elementor-widget-spacer\" data-id=\"5a9eb6a\" data-element_type=\"widget\" data-widget_type=\"spacer.default\">\n\t\t\t\t<div class=\"elementor-widget-container\">\n\t\t\t\t\t\t\t<div class=\"elementor-spacer\">\n\t\t\t<div class=\"elementor-spacer-inner\"><\/div>\n\t\t<\/div>\n\t\t\t\t\t\t<\/div>\n\t\t\t\t<\/div>\n\t\t\t\t<div class=\"elementor-element elementor-element-e13db9c elementor-widget elementor-widget-text-editor\" data-id=\"e13db9c\" data-element_type=\"widget\" data-widget_type=\"text-editor.default\">\n\t\t\t\t<div class=\"elementor-widget-container\">\n\t\t\t\t\t\t\t\t\t<p>Book one of our rooms instantly! \u2013 Have a question? We're happy to help!<\/p>\t\t\t\t\t\t\t\t<\/div>\n\t\t\t\t<\/div>\n\t\t<div class=\"elementor-element elementor-element-e691e34 e-con-full e-flex e-con e-child\" data-id=\"e691e34\" data-element_type=\"container\">\n\t\t\t\t<div class=\"elementor-element elementor-element-cc70591 elementor-widget elementor-widget-button\" data-id=\"cc70591\" data-element_type=\"widget\" data-widget_type=\"button.default\">\n\t\t\t\t<div class=\"elementor-widget-container\">\n\t\t\t\t\t\t\t\t\t<div class=\"elementor-button-wrapper\">\n\t\t\t\t\t<a class=\"elementor-button elementor-button-link elementor-size-sm\" href=\"https:\/\/aquaboutiquehotel.hu\/en\/foglalas\/\">\n\t\t\t\t\t\t<span class=\"elementor-button-content-wrapper\">\n\t\t\t\t\t\t\t\t\t<span class=\"elementor-button-text\">Start Booking<\/span>\n\t\t\t\t\t<\/span>\n\t\t\t\t\t<\/a>\n\t\t\t\t<\/div>\n\t\t\t\t\t\t\t\t<\/div>\n\t\t\t\t<\/div>\n\t\t\t\t<div class=\"elementor-element elementor-element-9086c17 elementor-widget elementor-widget-button\" data-id=\"9086c17\" data-element_type=\"widget\" data-widget_type=\"button.default\">\n\t\t\t\t<div class=\"elementor-widget-container\">\n\t\t\t\t\t\t\t\t\t<div class=\"elementor-button-wrapper\">\n\t\t\t\t\t<a class=\"elementor-button elementor-button-link elementor-size-sm\" href=\"https:\/\/aquaboutiquehotel.hu\/en\/kapcsolat\/\">\n\t\t\t\t\t\t<span class=\"elementor-button-content-wrapper\">\n\t\t\t\t\t\t\t\t\t<span class=\"elementor-button-text\">Contact Us<\/span>\n\t\t\t\t\t<\/span>\n\t\t\t\t\t<\/a>\n\t\t\t\t<\/div>\n\t\t\t\t\t\t\t\t<\/div>\n\t\t\t\t<\/div>\n\t\t\t\t<\/div>\n\t\t\t\t\t<\/div>\n\t\t\t\t<\/div>\n\t\t\t\t<\/div>","protected":false},"excerpt":{"rendered":"<p>Wellness F\u0151oldal Szolg\u00e1ltat\u00e1sok Pihen\u00e9s, felt\u00f6lt\u0151d\u00e9s \u00e9s k\u00f6z\u00f6s \u00e9lm\u00e9nyek Az Aqua Boutique wellnessr\u00e9szlege minden vend\u00e9g sz\u00e1m\u00e1ra el\u00e9rhet\u0151, hogy a n\u00e1lunk t\u00f6lt\u00f6tt [&hellip;]<\/p>","protected":false},"author":1,"featured_media":0,"parent":26,"menu_order":0,"comment_status":"closed","ping_status":"closed","template":"","meta":{"site-sidebar-layout":"no-sidebar","site-content-layout":"","ast-site-content-layout":"full-width-container","site-content-style":"default","site-sidebar-style":"default","ast-global-header-display":"","ast-banner-title-visibility":"","ast-main-header-display":"","ast-hfb-above-header-display":"","ast-hfb-below-header-display":"","ast-hfb-mobile-header-display":"","site-post-title":"disabled","ast-breadcrumbs-content":"","ast-featured-img":"disabled","footer-sml-layout":"","theme-transparent-header-meta":"","adv-header-id-meta":"","stick-header-meta":"","header-above-stick-meta":"","header-main-stick-meta":"","header-below-stick-meta":"","astra-migrate-meta-layouts":"default","ast-page-background-enabled":"default","ast-page-background-meta":{"desktop":{"background-color":"var(--ast-global-color-5)","background-image":"","background-repeat":"repeat","background-position":"center center","background-size":"auto","background-attachment":"scroll","background-type":"","background-media":"","overlay-type":"","overlay-color":"","overlay-opacity":"","overlay-gradient":""},"tablet":{"background-color":"","background-image":"","background-repeat":"repeat","background-position":"center center","background-size":"auto","background-attachment":"scroll","background-type":"","background-media":"","overlay-type":"","overlay-color":"","overlay-opacity":"","overlay-gradient":""},"mobile":{"background-color":"","background-image":"","background-repeat":"repeat","background-position":"center center","background-size":"auto","background-attachment":"scroll","background-type":"","background-media":"","overlay-type":"","overlay-color":"","overlay-opacity":"","overlay-gradient":""}},"ast-content-background-meta":{"desktop":{"background-color":"var(--ast-global-color-4)","background-image":"","background-repeat":"repeat","background-position":"center center","background-size":"auto","background-attachment":"scroll","background-type":"","background-media":"","overlay-type":"","overlay-color":"","overlay-opacity":"","overlay-gradient":""},"tablet":{"background-color":"var(--ast-global-color-4)","background-image":"","background-repeat":"repeat","background-position":"center center","background-size":"auto","background-attachment":"scroll","background-type":"","background-media":"","overlay-type":"","overlay-color":"","overlay-opacity":"","overlay-gradient":""},"mobile":{"background-color":"var(--ast-global-color-4)","background-image":"","background-repeat":"repeat","background-position":"center center","background-size":"auto","background-attachment":"scroll","background-type":"","background-media":"","overlay-type":"","overlay-color":"","overlay-opacity":"","overlay-gradient":""}},"footnotes":""},"class_list":["post-36","page","type-page","status-publish","hentry"],"yoast_head":"<!-- This site is optimized with the Yoast SEO Premium plugin v24.7 (Yoast SEO v24.8) - https:\/\/yoast.com\/wordpress\/plugins\/seo\/ -->\n<title>Aqua Boutique Hotel - Szeged - Foglalj most!<\/title>\n<meta name=\"description\" content=\"Szeged belv\u00e1ros\u00e1ban l\u00e9v\u0151 hotel, a f\u00fcrd\u0151 k\u00f6zels\u00e9g\u00e9ben, a pihen\u00e9s \u00e9s az \u00e9lm\u00e9nyek garant\u00e1ltak!\" \/>\n<meta name=\"robots\" content=\"index, follow, max-snippet:-1, max-image-preview:large, max-video-preview:-1\" \/>\n<link rel=\"canonical\" href=\"https:\/\/aquaboutiquehotel.hu\/en\/szolgaltatasaink\/wellness\/\" \/>\n<meta property=\"og:locale\" content=\"en_GB\" \/>\n<meta property=\"og:type\" content=\"article\" \/>\n<meta property=\"og:title\" content=\"Aqua Boutique Hotel - Szeged - Foglalj most!\" \/>\n<meta property=\"og:description\" content=\"Szeged belv\u00e1ros\u00e1ban l\u00e9v\u0151 hotel, a f\u00fcrd\u0151 k\u00f6zels\u00e9g\u00e9ben, a pihen\u00e9s \u00e9s az \u00e9lm\u00e9nyek garant\u00e1ltak!\" \/>\n<meta property=\"og:url\" content=\"https:\/\/aquaboutiquehotel.hu\/en\/szolgaltatasaink\/wellness\/\" \/>\n<meta property=\"og:site_name\" content=\"Aqua Boutique Hotel\" \/>\n<meta property=\"article:modified_time\" content=\"2025-03-21T09:54:56+00:00\" \/>\n<meta property=\"og:image\" content=\"https:\/\/aquaboutiquehotel.hu\/wp-content\/uploads\/2025\/03\/AquaKep00.webp\" \/>\n\t<meta property=\"og:image:width\" content=\"1200\" \/>\n\t<meta property=\"og:image:height\" content=\"675\" \/>\n\t<meta property=\"og:image:type\" content=\"image\/webp\" \/>\n<meta name=\"twitter:card\" content=\"summary_large_image\" \/>\n<meta name=\"twitter:label1\" content=\"Estimated reading time\" \/>\n\t<meta name=\"twitter:data1\" content=\"2 minutes\" \/>\n<script type=\"application\/ld+json\" class=\"yoast-schema-graph\">{\"@context\":\"https:\/\/schema.org\",\"@graph\":[{\"@type\":\"WebPage\",\"@id\":\"https:\/\/aquaboutiquehotel.hu\/szolgaltatasaink\/wellness\/\",\"url\":\"https:\/\/aquaboutiquehotel.hu\/szolgaltatasaink\/wellness\/\",\"name\":\"Aqua Boutique Hotel - Szeged - Foglalj most!\",\"isPartOf\":{\"@id\":\"https:\/\/aquaboutiquehotel.hu\/#website\"},\"datePublished\":\"2025-03-03T12:10:47+00:00\",\"dateModified\":\"2025-03-21T09:54:56+00:00\",\"description\":\"Szeged belv\u00e1ros\u00e1ban l\u00e9v\u0151 hotel, a f\u00fcrd\u0151 k\u00f6zels\u00e9g\u00e9ben, a pihen\u00e9s \u00e9s az \u00e9lm\u00e9nyek garant\u00e1ltak!\",\"breadcrumb\":{\"@id\":\"https:\/\/aquaboutiquehotel.hu\/szolgaltatasaink\/wellness\/#breadcrumb\"},\"inLanguage\":\"en-GB\",\"potentialAction\":[{\"@type\":\"ReadAction\",\"target\":[\"https:\/\/aquaboutiquehotel.hu\/szolgaltatasaink\/wellness\/\"]}]},{\"@type\":\"BreadcrumbList\",\"@id\":\"https:\/\/aquaboutiquehotel.hu\/szolgaltatasaink\/wellness\/#breadcrumb\",\"itemListElement\":[{\"@type\":\"ListItem\",\"position\":1,\"name\":\"Kezd\u0151lap\",\"item\":\"https:\/\/aquaboutiquehotel.hu\/\"},{\"@type\":\"ListItem\",\"position\":2,\"name\":\"Szolg\u00e1ltat\u00e1saink\",\"item\":\"https:\/\/aquaboutiquehotel.hu\/szolgaltatasaink\/\"},{\"@type\":\"ListItem\",\"position\":3,\"name\":\"Wellness\"}]},{\"@type\":\"WebSite\",\"@id\":\"https:\/\/aquaboutiquehotel.hu\/#website\",\"url\":\"https:\/\/aquaboutiquehotel.hu\/\",\"name\":\"Aqua Boutique Hotel\",\"description\":\"Karny\u00fajt\u00e1snyira a v\u00edzi kalandokt\u00f3l!\",\"publisher\":{\"@id\":\"https:\/\/aquaboutiquehotel.hu\/#organization\"},\"alternateName\":\"Aqua Boutique Hotel Szeged\",\"potentialAction\":[{\"@type\":\"SearchAction\",\"target\":{\"@type\":\"EntryPoint\",\"urlTemplate\":\"https:\/\/aquaboutiquehotel.hu\/?s={search_term_string}\"},\"query-input\":{\"@type\":\"PropertyValueSpecification\",\"valueRequired\":true,\"valueName\":\"search_term_string\"}}],\"inLanguage\":\"en-GB\"},{\"@type\":\"Organization\",\"@id\":\"https:\/\/aquaboutiquehotel.hu\/#organization\",\"name\":\"Aqua Boutique Hotel\",\"alternateName\":\"Aqua Boutique Hotel Szeged\",\"url\":\"https:\/\/aquaboutiquehotel.hu\/\",\"logo\":{\"@type\":\"ImageObject\",\"inLanguage\":\"en-GB\",\"@id\":\"https:\/\/aquaboutiquehotel.hu\/#\/schema\/logo\/image\/\",\"url\":\"https:\/\/aquaboutiquehotel.hu\/wp-content\/uploads\/2025\/03\/aqua-boutique-logo-white.svg\",\"contentUrl\":\"https:\/\/aquaboutiquehotel.hu\/wp-content\/uploads\/2025\/03\/aqua-boutique-logo-white.svg\",\"width\":272,\"height\":116,\"caption\":\"Aqua Boutique Hotel\"},\"image\":{\"@id\":\"https:\/\/aquaboutiquehotel.hu\/#\/schema\/logo\/image\/\"}}]}<\/script>\n<!-- \/ Yoast SEO Premium plugin. -->","yoast_head_json":{"title":"Aqua Boutique Hotel - Szeged - Foglalj most!","description":"Szeged belv\u00e1ros\u00e1ban l\u00e9v\u0151 hotel, a f\u00fcrd\u0151 k\u00f6zels\u00e9g\u00e9ben, a pihen\u00e9s \u00e9s az \u00e9lm\u00e9nyek garant\u00e1ltak!","robots":{"index":"index","follow":"follow","max-snippet":"max-snippet:-1","max-image-preview":"max-image-preview:large","max-video-preview":"max-video-preview:-1"},"canonical":"https:\/\/aquaboutiquehotel.hu\/en\/szolgaltatasaink\/wellness\/","og_locale":"en_GB","og_type":"article","og_title":"Aqua Boutique Hotel - Szeged - Foglalj most!","og_description":"Szeged belv\u00e1ros\u00e1ban l\u00e9v\u0151 hotel, a f\u00fcrd\u0151 k\u00f6zels\u00e9g\u00e9ben, a pihen\u00e9s \u00e9s az \u00e9lm\u00e9nyek garant\u00e1ltak!","og_url":"https:\/\/aquaboutiquehotel.hu\/en\/szolgaltatasaink\/wellness\/","og_site_name":"Aqua Boutique Hotel","article_modified_time":"2025-03-21T09:54:56+00:00","og_image":[{"width":1200,"height":675,"url":"https:\/\/aquaboutiquehotel.hu\/wp-content\/uploads\/2025\/03\/AquaKep00.webp","type":"image\/webp"}],"twitter_card":"summary_large_image","twitter_misc":{"Estimated reading time":"2 minutes"},"schema":{"@context":"https:\/\/schema.org","@graph":[{"@type":"WebPage","@id":"https:\/\/aquaboutiquehotel.hu\/szolgaltatasaink\/wellness\/","url":"https:\/\/aquaboutiquehotel.hu\/szolgaltatasaink\/wellness\/","name":"Aqua Boutique Hotel - Szeged - Foglalj most!","isPartOf":{"@id":"https:\/\/aquaboutiquehotel.hu\/#website"},"datePublished":"2025-03-03T12:10:47+00:00","dateModified":"2025-03-21T09:54:56+00:00","description":"Szeged belv\u00e1ros\u00e1ban l\u00e9v\u0151 hotel, a f\u00fcrd\u0151 k\u00f6zels\u00e9g\u00e9ben, a pihen\u00e9s \u00e9s az \u00e9lm\u00e9nyek garant\u00e1ltak!","breadcrumb":{"@id":"https:\/\/aquaboutiquehotel.hu\/szolgaltatasaink\/wellness\/#breadcrumb"},"inLanguage":"en-GB","potentialAction":[{"@type":"ReadAction","target":["https:\/\/aquaboutiquehotel.hu\/szolgaltatasaink\/wellness\/"]}]},{"@type":"BreadcrumbList","@id":"https:\/\/aquaboutiquehotel.hu\/szolgaltatasaink\/wellness\/#breadcrumb","itemListElement":[{"@type":"ListItem","position":1,"name":"Kezd\u0151lap","item":"https:\/\/aquaboutiquehotel.hu\/"},{"@type":"ListItem","position":2,"name":"Szolg\u00e1ltat\u00e1saink","item":"https:\/\/aquaboutiquehotel.hu\/szolgaltatasaink\/"},{"@type":"ListItem","position":3,"name":"Wellness"}]},{"@type":"WebSite","@id":"https:\/\/aquaboutiquehotel.hu\/#website","url":"https:\/\/aquaboutiquehotel.hu\/","name":"Aqua Boutique Hotel","description":"Karny\u00fajt\u00e1snyira a v\u00edzi kalandokt\u00f3l!","publisher":{"@id":"https:\/\/aquaboutiquehotel.hu\/#organization"},"alternateName":"Aqua Boutique Hotel Szeged","potentialAction":[{"@type":"SearchAction","target":{"@type":"EntryPoint","urlTemplate":"https:\/\/aquaboutiquehotel.hu\/?s={search_term_string}"},"query-input":{"@type":"PropertyValueSpecification","valueRequired":true,"valueName":"search_term_string"}}],"inLanguage":"en-GB"},{"@type":"Organization","@id":"https:\/\/aquaboutiquehotel.hu\/#organization","name":"Aqua Boutique Hotel","alternateName":"Aqua Boutique Hotel Szeged","url":"https:\/\/aquaboutiquehotel.hu\/","logo":{"@type":"ImageObject","inLanguage":"en-GB","@id":"https:\/\/aquaboutiquehotel.hu\/#\/schema\/logo\/image\/","url":"https:\/\/aquaboutiquehotel.hu\/wp-content\/uploads\/2025\/03\/aqua-boutique-logo-white.svg","contentUrl":"https:\/\/aquaboutiquehotel.hu\/wp-content\/uploads\/2025\/03\/aqua-boutique-logo-white.svg","width":272,"height":116,"caption":"Aqua Boutique Hotel"},"image":{"@id":"https:\/\/aquaboutiquehotel.hu\/#\/schema\/logo\/image\/"}}]}},"_links":{"self":[{"href":"https:\/\/aquaboutiquehotel.hu\/en\/wp-json\/wp\/v2\/pages\/36","targetHints":{"allow":["GET"]}}],"collection":[{"href":"https:\/\/aquaboutiquehotel.hu\/en\/wp-json\/wp\/v2\/pages"}],"about":[{"href":"https:\/\/aquaboutiquehotel.hu\/en\/wp-json\/wp\/v2\/types\/page"}],"author":[{"embeddable":true,"href":"https:\/\/aquaboutiquehotel.hu\/en\/wp-json\/wp\/v2\/users\/1"}],"replies":[{"embeddable":true,"href":"https:\/\/aquaboutiquehotel.hu\/en\/wp-json\/wp\/v2\/comments?post=36"}],"version-history":[{"count":55,"href":"https:\/\/aquaboutiquehotel.hu\/en\/wp-json\/wp\/v2\/pages\/36\/revisions"}],"predecessor-version":[{"id":1386,"href":"https:\/\/aquaboutiquehotel.hu\/en\/wp-json\/wp\/v2\/pages\/36\/revisions\/1386"}],"up":[{"embeddable":true,"href":"https:\/\/aquaboutiquehotel.hu\/en\/wp-json\/wp\/v2\/pages\/26"}],"wp:attachment":[{"href":"https:\/\/aquaboutiquehotel.hu\/en\/wp-json\/wp\/v2\/media?parent=36"}],"curies":[{"name":"wp","href":"https:\/\/api.w.org\/{rel}","templated":true}]}}