{"id":44,"date":"2025-03-03T13:12:05","date_gmt":"2025-03-03T12:12:05","guid":{"rendered":"https:\/\/aquaboutiquehotel.hu\/?page_id=44"},"modified":"2025-03-21T10:54:34","modified_gmt":"2025-03-21T09:54:34","slug":"konyha","status":"publish","type":"page","link":"https:\/\/aquaboutiquehotel.hu\/en\/szolgaltatasaink\/konyha\/","title":{"rendered":"Kitchen"},"content":{"rendered":"<div data-elementor-type=\"wp-page\" data-elementor-id=\"44\" class=\"elementor elementor-44\" data-elementor-post-type=\"page\">\n\t\t\t\t<div class=\"elementor-element elementor-element-089efec e-flex e-con-boxed e-con e-parent\" data-id=\"089efec\" data-element_type=\"container\" data-settings=\"{&quot;background_background&quot;:&quot;classic&quot;}\">\n\t\t\t\t\t<div class=\"e-con-inner\">\n\t\t\t\t<div class=\"elementor-element elementor-element-0d079ee elementor-widget elementor-widget-spacer\" data-id=\"0d079ee\" data-element_type=\"widget\" data-widget_type=\"spacer.default\">\n\t\t\t\t<div class=\"elementor-widget-container\">\n\t\t\t\t\t\t\t<div class=\"elementor-spacer\">\n\t\t\t<div class=\"elementor-spacer-inner\"><\/div>\n\t\t<\/div>\n\t\t\t\t\t\t<\/div>\n\t\t\t\t<\/div>\n\t\t\t\t<div class=\"elementor-element elementor-element-a6b3cd4 elementor-widget elementor-widget-heading\" data-id=\"a6b3cd4\" data-element_type=\"widget\" data-widget_type=\"heading.default\">\n\t\t\t\t<div class=\"elementor-widget-container\">\n\t\t\t\t\t<h1 class=\"elementor-heading-title elementor-size-default\">Shared Kitchen<\/h1>\t\t\t\t<\/div>\n\t\t\t\t<\/div>\n\t\t\t\t<div class=\"elementor-element elementor-element-e6e5f1e elementor-icon-list--layout-inline elementor-align-center elementor-list-item-link-full_width elementor-widget elementor-widget-icon-list\" data-id=\"e6e5f1e\" data-element_type=\"widget\" data-widget_type=\"icon-list.default\">\n\t\t\t\t<div class=\"elementor-widget-container\">\n\t\t\t\t\t\t\t<ul class=\"elementor-icon-list-items elementor-inline-items\">\n\t\t\t\t\t\t\t<li class=\"elementor-icon-list-item elementor-inline-item\">\n\t\t\t\t\t\t\t\t\t\t\t<a href=\"https:\/\/aquaboutiquehotel.hu\/en\/\">\n\n\t\t\t\t\t\t\t\t\t\t\t\t<span class=\"elementor-icon-list-icon\">\n\t\t\t\t\t\t\t<svg aria-hidden=\"true\" class=\"e-font-icon-svg e-fas-home\" viewbox=\"0 0 576 512\" xmlns=\"http:\/\/www.w3.org\/2000\/svg\"><path d=\"M280.37 148.26L96 300.11V464a16 16 0 0 0 16 16l112.06-.29a16 16 0 0 0 15.92-16V368a16 16 0 0 1 16-16h64a16 16 0 0 1 16 16v95.64a16 16 0 0 0 16 16.05L464 480a16 16 0 0 0 16-16V300L295.67 148.26a12.19 12.19 0 0 0-15.3 0zM571.6 251.47L488 182.56V44.05a12 12 0 0 0-12-12h-56a12 12 0 0 0-12 12v72.61L318.47 43a48 48 0 0 0-61 0L4.34 251.47a12 12 0 0 0-1.6 16.9l25.5 31A12 12 0 0 0 45.15 301l235.22-193.74a12.19 12.19 0 0 1 15.3 0L530.9 301a12 12 0 0 0 16.9-1.6l25.5-31a12 12 0 0 0-1.7-16.93z\"><\/path><\/svg>\t\t\t\t\t\t<\/span>\n\t\t\t\t\t\t\t\t\t\t<span class=\"elementor-icon-list-text\">Home<\/span>\n\t\t\t\t\t\t\t\t\t\t\t<\/a>\n\t\t\t\t\t\t\t\t\t<\/li>\n\t\t\t\t\t\t\t\t<li class=\"elementor-icon-list-item elementor-inline-item\">\n\t\t\t\t\t\t\t\t\t\t\t<a href=\"https:\/\/aquaboutiquehotel.hu\/en\/szolgaltatasaink\/\">\n\n\t\t\t\t\t\t\t\t\t\t\t\t<span class=\"elementor-icon-list-icon\">\n\t\t\t\t\t\t\t<svg aria-hidden=\"true\" class=\"e-font-icon-svg e-fas-chevron-left\" viewbox=\"0 0 320 512\" xmlns=\"http:\/\/www.w3.org\/2000\/svg\"><path d=\"M34.52 239.03L228.87 44.69c9.37-9.37 24.57-9.37 33.94 0l22.67 22.67c9.36 9.36 9.37 24.52.04 33.9L131.49 256l154.02 154.75c9.34 9.38 9.32 24.54-.04 33.9l-22.67 22.67c-9.37 9.37-24.57 9.37-33.94 0L34.52 272.97c-9.37-9.37-9.37-24.57 0-33.94z\"><\/path><\/svg>\t\t\t\t\t\t<\/span>\n\t\t\t\t\t\t\t\t\t\t<span class=\"elementor-icon-list-text\">Services<\/span>\n\t\t\t\t\t\t\t\t\t\t\t<\/a>\n\t\t\t\t\t\t\t\t\t<\/li>\n\t\t\t\t\t\t<\/ul>\n\t\t\t\t\t\t<\/div>\n\t\t\t\t<\/div>\n\t\t\t\t\t<\/div>\n\t\t\t\t<\/div>\n\t\t<div class=\"elementor-element elementor-element-74841f4 e-flex e-con-boxed e-con e-parent\" data-id=\"74841f4\" data-element_type=\"container\" data-settings=\"{&quot;background_background&quot;:&quot;classic&quot;}\">\n\t\t\t\t\t<div class=\"e-con-inner\">\n\t\t\t\t<div class=\"elementor-element elementor-element-7504325 elementor-widget elementor-widget-heading\" data-id=\"7504325\" data-element_type=\"widget\" data-widget_type=\"heading.default\">\n\t\t\t\t<div class=\"elementor-widget-container\">\n\t\t\t\t\t<h2 class=\"elementor-heading-title elementor-size-default\">A Place Where Meals Bring People Together<\/h2>\t\t\t\t<\/div>\n\t\t\t\t<\/div>\n\t\t\t\t<div class=\"elementor-element elementor-element-5e44ebb elementor-widget elementor-widget-spacer\" data-id=\"5e44ebb\" data-element_type=\"widget\" data-widget_type=\"spacer.default\">\n\t\t\t\t<div class=\"elementor-widget-container\">\n\t\t\t\t\t\t\t<div class=\"elementor-spacer\">\n\t\t\t<div class=\"elementor-spacer-inner\"><\/div>\n\t\t<\/div>\n\t\t\t\t\t\t<\/div>\n\t\t\t\t<\/div>\n\t\t\t\t<div class=\"elementor-element elementor-element-fea76b9 elementor-widget elementor-widget-text-editor\" data-id=\"fea76b9\" data-element_type=\"widget\" data-widget_type=\"text-editor.default\">\n\t\t\t\t<div class=\"elementor-widget-container\">\n\t\t\t\t\t\t\t\t\t<p>The Aqua Boutique shared kitchen is spacious, modern, and fully equipped, allowing our guests to prepare their meals comfortably or cook together in a relaxed and welcoming atmosphere. Here, cooking and dining are not just everyday tasks but part of the shared experience.<\/p><p>The convenient layout and practical design make it easy for multiple people to cook together, turning meal preparation into a fun and engaging activity rather than just a routine chore. Shared meals provide the perfect opportunity to slow down, recharge, and connect with others in a warm and informal setting.<\/p><p>The Aqua Boutique shared kitchen is open to all guests, ensuring that time spent here is not only about food but also about enjoying flavors, good company, and memorable moments together.<\/p>\t\t\t\t\t\t\t\t<\/div>\n\t\t\t\t<\/div>\n\t\t\t\t<div class=\"elementor-element elementor-element-d495346 elementor-widget elementor-widget-spacer\" data-id=\"d495346\" data-element_type=\"widget\" data-widget_type=\"spacer.default\">\n\t\t\t\t<div class=\"elementor-widget-container\">\n\t\t\t\t\t\t\t<div class=\"elementor-spacer\">\n\t\t\t<div class=\"elementor-spacer-inner\"><\/div>\n\t\t<\/div>\n\t\t\t\t\t\t<\/div>\n\t\t\t\t<\/div>\n\t\t\t\t<div class=\"elementor-element elementor-element-e9d544d elementor-widget elementor-widget-gallery\" data-id=\"e9d544d\" data-element_type=\"widget\" data-settings=\"{&quot;columns&quot;:2,&quot;gallery_layout&quot;:&quot;grid&quot;,&quot;columns_tablet&quot;:2,&quot;columns_mobile&quot;:1,&quot;gap&quot;:{&quot;unit&quot;:&quot;px&quot;,&quot;size&quot;:10,&quot;sizes&quot;:[]},&quot;gap_tablet&quot;:{&quot;unit&quot;:&quot;px&quot;,&quot;size&quot;:10,&quot;sizes&quot;:[]},&quot;gap_mobile&quot;:{&quot;unit&quot;:&quot;px&quot;,&quot;size&quot;:10,&quot;sizes&quot;:[]},&quot;link_to&quot;:&quot;file&quot;,&quot;aspect_ratio&quot;:&quot;3:2&quot;,&quot;overlay_background&quot;:&quot;yes&quot;,&quot;content_hover_animation&quot;:&quot;fade-in&quot;}\" data-widget_type=\"gallery.default\">\n\t\t\t\t<div class=\"elementor-widget-container\">\n\t\t\t\t\t\t\t<div class=\"elementor-gallery__container\">\n\t\t\t\t\t\t\t<a class=\"e-gallery-item elementor-gallery-item elementor-animated-content\" href=\"https:\/\/aquaboutiquehotel.hu\/wp-content\/uploads\/2025\/03\/konyha1.webp\" data-elementor-open-lightbox=\"yes\" data-elementor-lightbox-slideshow=\"e9d544d\" data-elementor-lightbox-title=\"konyha1\" data-e-action-hash=\"#elementor-action%3Aaction%3Dlightbox%26settings%3DeyJpZCI6NDE0LCJ1cmwiOiJodHRwczpcL1wvYXF1YWJvdXRpcXVlaG90ZWwuaHVcL3dwLWNvbnRlbnRcL3VwbG9hZHNcLzIwMjVcLzAzXC9rb255aGExLndlYnAiLCJzbGlkZXNob3ciOiJlOWQ1NDRkIn0%3D\">\n\t\t\t\t\t<div class=\"e-gallery-image elementor-gallery-item__image\" data-thumbnail=\"https:\/\/aquaboutiquehotel.hu\/wp-content\/uploads\/2025\/03\/konyha1-768x513.webp\" data-width=\"768\" data-height=\"513\" aria-label=\"Aqua Boutique Hotel Szeged Konyha 1\" role=\"img\" ><\/div>\n\t\t\t\t\t\t\t\t\t\t\t<div class=\"elementor-gallery-item__overlay\"><\/div>\n\t\t\t\t\t\t\t\t\t\t\t\t\t\t<\/a>\n\t\t\t\t\t\t\t<a class=\"e-gallery-item elementor-gallery-item elementor-animated-content\" href=\"https:\/\/aquaboutiquehotel.hu\/wp-content\/uploads\/2025\/03\/konyha2.webp\" data-elementor-open-lightbox=\"yes\" data-elementor-lightbox-slideshow=\"e9d544d\" data-elementor-lightbox-title=\"konyha2\" data-e-action-hash=\"#elementor-action%3Aaction%3Dlightbox%26settings%3DeyJpZCI6NDE1LCJ1cmwiOiJodHRwczpcL1wvYXF1YWJvdXRpcXVlaG90ZWwuaHVcL3dwLWNvbnRlbnRcL3VwbG9hZHNcLzIwMjVcLzAzXC9rb255aGEyLndlYnAiLCJzbGlkZXNob3ciOiJlOWQ1NDRkIn0%3D\">\n\t\t\t\t\t<div class=\"e-gallery-image elementor-gallery-item__image\" data-thumbnail=\"https:\/\/aquaboutiquehotel.hu\/wp-content\/uploads\/2025\/03\/konyha2-768x513.webp\" data-width=\"768\" data-height=\"513\" aria-label=\"Aqua Boutique Hotel Szeged Konyha 2\" role=\"img\" ><\/div>\n\t\t\t\t\t\t\t\t\t\t\t<div class=\"elementor-gallery-item__overlay\"><\/div>\n\t\t\t\t\t\t\t\t\t\t\t\t\t\t<\/a>\n\t\t\t\t\t\t\t<a class=\"e-gallery-item elementor-gallery-item elementor-animated-content\" href=\"https:\/\/aquaboutiquehotel.hu\/wp-content\/uploads\/2025\/03\/konyha3.webp\" data-elementor-open-lightbox=\"yes\" data-elementor-lightbox-slideshow=\"e9d544d\" data-elementor-lightbox-title=\"konyha3\" data-e-action-hash=\"#elementor-action%3Aaction%3Dlightbox%26settings%3DeyJpZCI6NDE2LCJ1cmwiOiJodHRwczpcL1wvYXF1YWJvdXRpcXVlaG90ZWwuaHVcL3dwLWNvbnRlbnRcL3VwbG9hZHNcLzIwMjVcLzAzXC9rb255aGEzLndlYnAiLCJzbGlkZXNob3ciOiJlOWQ1NDRkIn0%3D\">\n\t\t\t\t\t<div class=\"e-gallery-image elementor-gallery-item__image\" data-thumbnail=\"https:\/\/aquaboutiquehotel.hu\/wp-content\/uploads\/2025\/03\/konyha3-768x513.webp\" data-width=\"768\" data-height=\"513\" aria-label=\"Aqua Boutique Hotel Szeged Konyha 3\" role=\"img\" ><\/div>\n\t\t\t\t\t\t\t\t\t\t\t<div class=\"elementor-gallery-item__overlay\"><\/div>\n\t\t\t\t\t\t\t\t\t\t\t\t\t\t<\/a>\n\t\t\t\t\t\t\t<a class=\"e-gallery-item elementor-gallery-item elementor-animated-content\" href=\"https:\/\/aquaboutiquehotel.hu\/wp-content\/uploads\/2025\/03\/konyha4.webp\" data-elementor-open-lightbox=\"yes\" data-elementor-lightbox-slideshow=\"e9d544d\" data-elementor-lightbox-title=\"konyha4\" data-e-action-hash=\"#elementor-action%3Aaction%3Dlightbox%26settings%3DeyJpZCI6NDE3LCJ1cmwiOiJodHRwczpcL1wvYXF1YWJvdXRpcXVlaG90ZWwuaHVcL3dwLWNvbnRlbnRcL3VwbG9hZHNcLzIwMjVcLzAzXC9rb255aGE0LndlYnAiLCJzbGlkZXNob3ciOiJlOWQ1NDRkIn0%3D\">\n\t\t\t\t\t<div class=\"e-gallery-image elementor-gallery-item__image\" data-thumbnail=\"https:\/\/aquaboutiquehotel.hu\/wp-content\/uploads\/2025\/03\/konyha4-768x513.webp\" data-width=\"768\" data-height=\"513\" aria-label=\"Aqua Boutique Hotel Szeged Konyha 4\" role=\"img\" ><\/div>\n\t\t\t\t\t\t\t\t\t\t\t<div class=\"elementor-gallery-item__overlay\"><\/div>\n\t\t\t\t\t\t\t\t\t\t\t\t\t\t<\/a>\n\t\t\t\t\t<\/div>\n\t\t\t\t\t<\/div>\n\t\t\t\t<\/div>\n\t\t\t\t<div class=\"elementor-element elementor-element-29c4373 elementor-widget elementor-widget-spacer\" data-id=\"29c4373\" data-element_type=\"widget\" data-widget_type=\"spacer.default\">\n\t\t\t\t<div class=\"elementor-widget-container\">\n\t\t\t\t\t\t\t<div class=\"elementor-spacer\">\n\t\t\t<div class=\"elementor-spacer-inner\"><\/div>\n\t\t<\/div>\n\t\t\t\t\t\t<\/div>\n\t\t\t\t<\/div>\n\t\t\t\t<div class=\"elementor-element elementor-element-317b924 elementor-widget elementor-widget-text-editor\" data-id=\"317b924\" data-element_type=\"widget\" data-widget_type=\"text-editor.default\">\n\t\t\t\t<div class=\"elementor-widget-container\">\n\t\t\t\t\t\t\t\t\t<p>Book one of our rooms instantly! \u2013 Have a question? We're happy to help!<\/p>\t\t\t\t\t\t\t\t<\/div>\n\t\t\t\t<\/div>\n\t\t<div class=\"elementor-element elementor-element-6fbe39f e-con-full e-flex e-con e-child\" data-id=\"6fbe39f\" data-element_type=\"container\">\n\t\t\t\t<div class=\"elementor-element elementor-element-50f1993 elementor-widget elementor-widget-button\" data-id=\"50f1993\" data-element_type=\"widget\" data-widget_type=\"button.default\">\n\t\t\t\t<div class=\"elementor-widget-container\">\n\t\t\t\t\t\t\t\t\t<div class=\"elementor-button-wrapper\">\n\t\t\t\t\t<a class=\"elementor-button elementor-button-link elementor-size-sm\" href=\"https:\/\/aquaboutiquehotel.hu\/en\/foglalas\/\">\n\t\t\t\t\t\t<span class=\"elementor-button-content-wrapper\">\n\t\t\t\t\t\t\t\t\t<span class=\"elementor-button-text\">Start Booking<\/span>\n\t\t\t\t\t<\/span>\n\t\t\t\t\t<\/a>\n\t\t\t\t<\/div>\n\t\t\t\t\t\t\t\t<\/div>\n\t\t\t\t<\/div>\n\t\t\t\t<div class=\"elementor-element elementor-element-1ad6f44 elementor-widget elementor-widget-button\" data-id=\"1ad6f44\" data-element_type=\"widget\" data-widget_type=\"button.default\">\n\t\t\t\t<div class=\"elementor-widget-container\">\n\t\t\t\t\t\t\t\t\t<div class=\"elementor-button-wrapper\">\n\t\t\t\t\t<a class=\"elementor-button elementor-button-link elementor-size-sm\" href=\"https:\/\/aquaboutiquehotel.hu\/en\/kapcsolat\/\">\n\t\t\t\t\t\t<span class=\"elementor-button-content-wrapper\">\n\t\t\t\t\t\t\t\t\t<span class=\"elementor-button-text\">Contact Us<\/span>\n\t\t\t\t\t<\/span>\n\t\t\t\t\t<\/a>\n\t\t\t\t<\/div>\n\t\t\t\t\t\t\t\t<\/div>\n\t\t\t\t<\/div>\n\t\t\t\t<\/div>\n\t\t\t\t\t<\/div>\n\t\t\t\t<\/div>\n\t\t\t\t<\/div>","protected":false},"excerpt":{"rendered":"<p>K\u00f6z\u00f6s konyha F\u0151oldal Szolg\u00e1ltat\u00e1sok Egy hely, ahol az \u00e9tkez\u00e9sek \u00f6sszehoznak Az Aqua Boutique k\u00f6z\u00f6s haszn\u00e1lat\u00fa konyh\u00e1ja t\u00e1gas, modern \u00e9s teljesen [&hellip;]<\/p>","protected":false},"author":1,"featured_media":0,"parent":26,"menu_order":0,"comment_status":"closed","ping_status":"closed","template":"","meta":{"site-sidebar-layout":"no-sidebar","site-content-layout":"","ast-site-content-layout":"full-width-container","site-content-style":"default","site-sidebar-style":"default","ast-global-header-display":"","ast-banner-title-visibility":"","ast-main-header-display":"","ast-hfb-above-header-display":"","ast-hfb-below-header-display":"","ast-hfb-mobile-header-display":"","site-post-title":"disabled","ast-breadcrumbs-content":"","ast-featured-img":"disabled","footer-sml-layout":"","theme-transparent-header-meta":"","adv-header-id-meta":"","stick-header-meta":"","header-above-stick-meta":"","header-main-stick-meta":"","header-below-stick-meta":"","astra-migrate-meta-layouts":"default","ast-page-background-enabled":"default","ast-page-background-meta":{"desktop":{"background-color":"var(--ast-global-color-5)","background-image":"","background-repeat":"repeat","background-position":"center center","background-size":"auto","background-attachment":"scroll","background-type":"","background-media":"","overlay-type":"","overlay-color":"","overlay-opacity":"","overlay-gradient":""},"tablet":{"background-color":"","background-image":"","background-repeat":"repeat","background-position":"center center","background-size":"auto","background-attachment":"scroll","background-type":"","background-media":"","overlay-type":"","overlay-color":"","overlay-opacity":"","overlay-gradient":""},"mobile":{"background-color":"","background-image":"","background-repeat":"repeat","background-position":"center center","background-size":"auto","background-attachment":"scroll","background-type":"","background-media":"","overlay-type":"","overlay-color":"","overlay-opacity":"","overlay-gradient":""}},"ast-content-background-meta":{"desktop":{"background-color":"var(--ast-global-color-4)","background-image":"","background-repeat":"repeat","background-position":"center center","background-size":"auto","background-attachment":"scroll","background-type":"","background-media":"","overlay-type":"","overlay-color":"","overlay-opacity":"","overlay-gradient":""},"tablet":{"background-color":"var(--ast-global-color-4)","background-image":"","background-repeat":"repeat","background-position":"center center","background-size":"auto","background-attachment":"scroll","background-type":"","background-media":"","overlay-type":"","overlay-color":"","overlay-opacity":"","overlay-gradient":""},"mobile":{"background-color":"var(--ast-global-color-4)","background-image":"","background-repeat":"repeat","background-position":"center center","background-size":"auto","background-attachment":"scroll","background-type":"","background-media":"","overlay-type":"","overlay-color":"","overlay-opacity":"","overlay-gradient":""}},"footnotes":""},"class_list":["post-44","page","type-page","status-publish","hentry"],"yoast_head":"<!-- This site is optimized with the Yoast SEO Premium plugin v24.7 (Yoast SEO v24.8) - https:\/\/yoast.com\/wordpress\/plugins\/seo\/ -->\n<title>Aqua Boutique Hotel - Szeged - Foglalj most!<\/title>\n<meta name=\"description\" content=\"Szeged belv\u00e1ros\u00e1ban l\u00e9v\u0151 hotel, a f\u00fcrd\u0151 k\u00f6zels\u00e9g\u00e9ben, a pihen\u00e9s \u00e9s az \u00e9lm\u00e9nyek garant\u00e1ltak!\" \/>\n<meta name=\"robots\" content=\"index, follow, max-snippet:-1, max-image-preview:large, max-video-preview:-1\" \/>\n<link rel=\"canonical\" href=\"https:\/\/aquaboutiquehotel.hu\/en\/szolgaltatasaink\/konyha\/\" \/>\n<meta property=\"og:locale\" content=\"en_GB\" \/>\n<meta property=\"og:type\" content=\"article\" \/>\n<meta property=\"og:title\" content=\"Aqua Boutique Hotel - Szeged - Foglalj most!\" \/>\n<meta property=\"og:description\" content=\"Szeged belv\u00e1ros\u00e1ban l\u00e9v\u0151 hotel, a f\u00fcrd\u0151 k\u00f6zels\u00e9g\u00e9ben, a pihen\u00e9s \u00e9s az \u00e9lm\u00e9nyek garant\u00e1ltak!\" \/>\n<meta property=\"og:url\" content=\"https:\/\/aquaboutiquehotel.hu\/en\/szolgaltatasaink\/konyha\/\" \/>\n<meta property=\"og:site_name\" content=\"Aqua Boutique Hotel\" \/>\n<meta property=\"article:modified_time\" content=\"2025-03-21T09:54:34+00:00\" \/>\n<meta property=\"og:image\" content=\"https:\/\/aquaboutiquehotel.hu\/wp-content\/uploads\/2025\/03\/AquaKep00.webp\" \/>\n\t<meta property=\"og:image:width\" content=\"1200\" \/>\n\t<meta property=\"og:image:height\" content=\"675\" \/>\n\t<meta property=\"og:image:type\" content=\"image\/webp\" \/>\n<meta name=\"twitter:card\" content=\"summary_large_image\" \/>\n<meta name=\"twitter:label1\" content=\"Estimated reading time\" \/>\n\t<meta name=\"twitter:data1\" content=\"1 minute\" \/>\n<script type=\"application\/ld+json\" class=\"yoast-schema-graph\">{\"@context\":\"https:\/\/schema.org\",\"@graph\":[{\"@type\":\"WebPage\",\"@id\":\"https:\/\/aquaboutiquehotel.hu\/szolgaltatasaink\/konyha\/\",\"url\":\"https:\/\/aquaboutiquehotel.hu\/szolgaltatasaink\/konyha\/\",\"name\":\"Aqua Boutique Hotel - Szeged - Foglalj most!\",\"isPartOf\":{\"@id\":\"https:\/\/aquaboutiquehotel.hu\/#website\"},\"datePublished\":\"2025-03-03T12:12:05+00:00\",\"dateModified\":\"2025-03-21T09:54:34+00:00\",\"description\":\"Szeged belv\u00e1ros\u00e1ban l\u00e9v\u0151 hotel, a f\u00fcrd\u0151 k\u00f6zels\u00e9g\u00e9ben, a pihen\u00e9s \u00e9s az \u00e9lm\u00e9nyek garant\u00e1ltak!\",\"breadcrumb\":{\"@id\":\"https:\/\/aquaboutiquehotel.hu\/szolgaltatasaink\/konyha\/#breadcrumb\"},\"inLanguage\":\"en-GB\",\"potentialAction\":[{\"@type\":\"ReadAction\",\"target\":[\"https:\/\/aquaboutiquehotel.hu\/szolgaltatasaink\/konyha\/\"]}]},{\"@type\":\"BreadcrumbList\",\"@id\":\"https:\/\/aquaboutiquehotel.hu\/szolgaltatasaink\/konyha\/#breadcrumb\",\"itemListElement\":[{\"@type\":\"ListItem\",\"position\":1,\"name\":\"Kezd\u0151lap\",\"item\":\"https:\/\/aquaboutiquehotel.hu\/\"},{\"@type\":\"ListItem\",\"position\":2,\"name\":\"Szolg\u00e1ltat\u00e1saink\",\"item\":\"https:\/\/aquaboutiquehotel.hu\/szolgaltatasaink\/\"},{\"@type\":\"ListItem\",\"position\":3,\"name\":\"Konyha\"}]},{\"@type\":\"WebSite\",\"@id\":\"https:\/\/aquaboutiquehotel.hu\/#website\",\"url\":\"https:\/\/aquaboutiquehotel.hu\/\",\"name\":\"Aqua Boutique Hotel\",\"description\":\"Karny\u00fajt\u00e1snyira a v\u00edzi kalandokt\u00f3l!\",\"publisher\":{\"@id\":\"https:\/\/aquaboutiquehotel.hu\/#organization\"},\"alternateName\":\"Aqua Boutique Hotel Szeged\",\"potentialAction\":[{\"@type\":\"SearchAction\",\"target\":{\"@type\":\"EntryPoint\",\"urlTemplate\":\"https:\/\/aquaboutiquehotel.hu\/?s={search_term_string}\"},\"query-input\":{\"@type\":\"PropertyValueSpecification\",\"valueRequired\":true,\"valueName\":\"search_term_string\"}}],\"inLanguage\":\"en-GB\"},{\"@type\":\"Organization\",\"@id\":\"https:\/\/aquaboutiquehotel.hu\/#organization\",\"name\":\"Aqua Boutique Hotel\",\"alternateName\":\"Aqua Boutique Hotel Szeged\",\"url\":\"https:\/\/aquaboutiquehotel.hu\/\",\"logo\":{\"@type\":\"ImageObject\",\"inLanguage\":\"en-GB\",\"@id\":\"https:\/\/aquaboutiquehotel.hu\/#\/schema\/logo\/image\/\",\"url\":\"https:\/\/aquaboutiquehotel.hu\/wp-content\/uploads\/2025\/03\/aqua-boutique-logo-white.svg\",\"contentUrl\":\"https:\/\/aquaboutiquehotel.hu\/wp-content\/uploads\/2025\/03\/aqua-boutique-logo-white.svg\",\"width\":272,\"height\":116,\"caption\":\"Aqua Boutique Hotel\"},\"image\":{\"@id\":\"https:\/\/aquaboutiquehotel.hu\/#\/schema\/logo\/image\/\"}}]}<\/script>\n<!-- \/ Yoast SEO Premium plugin. -->","yoast_head_json":{"title":"Aqua Boutique Hotel - Szeged - Foglalj most!","description":"Szeged belv\u00e1ros\u00e1ban l\u00e9v\u0151 hotel, a f\u00fcrd\u0151 k\u00f6zels\u00e9g\u00e9ben, a pihen\u00e9s \u00e9s az \u00e9lm\u00e9nyek garant\u00e1ltak!","robots":{"index":"index","follow":"follow","max-snippet":"max-snippet:-1","max-image-preview":"max-image-preview:large","max-video-preview":"max-video-preview:-1"},"canonical":"https:\/\/aquaboutiquehotel.hu\/en\/szolgaltatasaink\/konyha\/","og_locale":"en_GB","og_type":"article","og_title":"Aqua Boutique Hotel - Szeged - Foglalj most!","og_description":"Szeged belv\u00e1ros\u00e1ban l\u00e9v\u0151 hotel, a f\u00fcrd\u0151 k\u00f6zels\u00e9g\u00e9ben, a pihen\u00e9s \u00e9s az \u00e9lm\u00e9nyek garant\u00e1ltak!","og_url":"https:\/\/aquaboutiquehotel.hu\/en\/szolgaltatasaink\/konyha\/","og_site_name":"Aqua Boutique Hotel","article_modified_time":"2025-03-21T09:54:34+00:00","og_image":[{"width":1200,"height":675,"url":"https:\/\/aquaboutiquehotel.hu\/wp-content\/uploads\/2025\/03\/AquaKep00.webp","type":"image\/webp"}],"twitter_card":"summary_large_image","twitter_misc":{"Estimated reading time":"1 minute"},"schema":{"@context":"https:\/\/schema.org","@graph":[{"@type":"WebPage","@id":"https:\/\/aquaboutiquehotel.hu\/szolgaltatasaink\/konyha\/","url":"https:\/\/aquaboutiquehotel.hu\/szolgaltatasaink\/konyha\/","name":"Aqua Boutique Hotel - Szeged - Foglalj most!","isPartOf":{"@id":"https:\/\/aquaboutiquehotel.hu\/#website"},"datePublished":"2025-03-03T12:12:05+00:00","dateModified":"2025-03-21T09:54:34+00:00","description":"Szeged belv\u00e1ros\u00e1ban l\u00e9v\u0151 hotel, a f\u00fcrd\u0151 k\u00f6zels\u00e9g\u00e9ben, a pihen\u00e9s \u00e9s az \u00e9lm\u00e9nyek garant\u00e1ltak!","breadcrumb":{"@id":"https:\/\/aquaboutiquehotel.hu\/szolgaltatasaink\/konyha\/#breadcrumb"},"inLanguage":"en-GB","potentialAction":[{"@type":"ReadAction","target":["https:\/\/aquaboutiquehotel.hu\/szolgaltatasaink\/konyha\/"]}]},{"@type":"BreadcrumbList","@id":"https:\/\/aquaboutiquehotel.hu\/szolgaltatasaink\/konyha\/#breadcrumb","itemListElement":[{"@type":"ListItem","position":1,"name":"Kezd\u0151lap","item":"https:\/\/aquaboutiquehotel.hu\/"},{"@type":"ListItem","position":2,"name":"Szolg\u00e1ltat\u00e1saink","item":"https:\/\/aquaboutiquehotel.hu\/szolgaltatasaink\/"},{"@type":"ListItem","position":3,"name":"Konyha"}]},{"@type":"WebSite","@id":"https:\/\/aquaboutiquehotel.hu\/#website","url":"https:\/\/aquaboutiquehotel.hu\/","name":"Aqua Boutique Hotel","description":"Karny\u00fajt\u00e1snyira a v\u00edzi kalandokt\u00f3l!","publisher":{"@id":"https:\/\/aquaboutiquehotel.hu\/#organization"},"alternateName":"Aqua Boutique Hotel Szeged","potentialAction":[{"@type":"SearchAction","target":{"@type":"EntryPoint","urlTemplate":"https:\/\/aquaboutiquehotel.hu\/?s={search_term_string}"},"query-input":{"@type":"PropertyValueSpecification","valueRequired":true,"valueName":"search_term_string"}}],"inLanguage":"en-GB"},{"@type":"Organization","@id":"https:\/\/aquaboutiquehotel.hu\/#organization","name":"Aqua Boutique Hotel","alternateName":"Aqua Boutique Hotel Szeged","url":"https:\/\/aquaboutiquehotel.hu\/","logo":{"@type":"ImageObject","inLanguage":"en-GB","@id":"https:\/\/aquaboutiquehotel.hu\/#\/schema\/logo\/image\/","url":"https:\/\/aquaboutiquehotel.hu\/wp-content\/uploads\/2025\/03\/aqua-boutique-logo-white.svg","contentUrl":"https:\/\/aquaboutiquehotel.hu\/wp-content\/uploads\/2025\/03\/aqua-boutique-logo-white.svg","width":272,"height":116,"caption":"Aqua Boutique Hotel"},"image":{"@id":"https:\/\/aquaboutiquehotel.hu\/#\/schema\/logo\/image\/"}}]}},"_links":{"self":[{"href":"https:\/\/aquaboutiquehotel.hu\/en\/wp-json\/wp\/v2\/pages\/44","targetHints":{"allow":["GET"]}}],"collection":[{"href":"https:\/\/aquaboutiquehotel.hu\/en\/wp-json\/wp\/v2\/pages"}],"about":[{"href":"https:\/\/aquaboutiquehotel.hu\/en\/wp-json\/wp\/v2\/types\/page"}],"author":[{"embeddable":true,"href":"https:\/\/aquaboutiquehotel.hu\/en\/wp-json\/wp\/v2\/users\/1"}],"replies":[{"embeddable":true,"href":"https:\/\/aquaboutiquehotel.hu\/en\/wp-json\/wp\/v2\/comments?post=44"}],"version-history":[{"count":46,"href":"https:\/\/aquaboutiquehotel.hu\/en\/wp-json\/wp\/v2\/pages\/44\/revisions"}],"predecessor-version":[{"id":1374,"href":"https:\/\/aquaboutiquehotel.hu\/en\/wp-json\/wp\/v2\/pages\/44\/revisions\/1374"}],"up":[{"embeddable":true,"href":"https:\/\/aquaboutiquehotel.hu\/en\/wp-json\/wp\/v2\/pages\/26"}],"wp:attachment":[{"href":"https:\/\/aquaboutiquehotel.hu\/en\/wp-json\/wp\/v2\/media?parent=44"}],"curies":[{"name":"wp","href":"https:\/\/api.w.org\/{rel}","templated":true}]}}